{"id":37,"date":"2016-04-26T11:06:32","date_gmt":"2016-04-26T11:06:32","guid":{"rendered":"http:\/\/maler-schwebach.de\/?page_id=37"},"modified":"2025-04-17T08:46:43","modified_gmt":"2025-04-17T06:46:43","slug":"home","status":"publish","type":"page","link":"https:\/\/schwebach.de\/","title":{"rendered":"Home"},"content":{"rendered":"<div id=\"pl-37\"  class=\"panel-layout\" ><div id=\"pg-37-0\"  class=\"panel-grid panel-no-style\" ><div id=\"pgc-37-0-0\"  class=\"panel-grid-cell\" ><div id=\"panel-37-0-0-0\" class=\"so-panel widget widget_sow-editor panel-first-child panel-last-child\" data-index=\"0\" ><div\n\t\t\t\n\t\t\tclass=\"so-widget-sow-editor so-widget-sow-editor-base\"\n\t\t\t\n\t\t>\n<div class=\"siteorigin-widget-tinymce textwidget\">\n\t<h1><span style=\"color: #000080;\">SCHWEBACH Maler &amp; Lackierer GmbH<\/span><\/h1>\n<h4><span style=\"color: #000080;\">Geben Sie Ihren R\u00e4umen eine ganz besondere Nuance mit unseren kreativen und \u00f6kologischen Maltechniken der SCHWEBACH Maler &amp; Lackierer GmbH.<\/span><br \/>\n<span style=\"color: #000080;\">Unser Leistungsspektrum umfasst ein breites Angebot rund um die Gestaltung, der Sanierung, der Fassadengestaltung, der Renovierung sowie der W\u00e4rmed\u00e4mmung Ihrer Lebensr\u00e4ume.Sie k\u00f6nnen auf uns z\u00e4hlen! SCHWEBACH, der Wohlf\u00fchlmaler, SCHWEBACH, der Fassaden Profi, oder einfach \u2013 SCHWEBACH, der vielseitige Handwerker!<\/span><\/h4>\n<h4><span style=\"color: #000080;\">Unsere Spezialisten beraten Sie gerne.<\/span><\/h4>\n<p><img loading=\"lazy\" decoding=\"async\" class=\"alignnone wp-image-51 size-full\" src=\"https:\/\/schwebach.de\/wp-content\/uploads\/2016\/04\/cropped-logo.png\" alt=\"Schwebach Maler &amp; Lackierer GmbH\" width=\"300\" height=\"106\" \/><\/p>\n<\/div>\n<\/div><\/div><\/div><\/div><div id=\"pg-37-1\"  class=\"panel-grid panel-no-style\" ><div id=\"pgc-37-1-0\"  class=\"panel-grid-cell\" ><div id=\"panel-37-1-0-0\" class=\"so-panel widget widget_sow-post-carousel panel-first-child panel-last-child\" data-index=\"1\" ><div class=\"wow fadeInUp panel-widget-style panel-widget-style-for-37-1-0-0\" data-wow-offset=\"10\" data-wow-iteration=\"1\" ><div\n\t\t\t\n\t\t\tclass=\"so-widget-sow-post-carousel so-widget-sow-post-carousel-base-ad93eedad001-37\"\n\t\t\t\n\t\t>\t<div\n\t\tclass=\"sow-post-carousel-wrapper sow-post-carousel-theme-base\"\n\t\tstyle=\"overflow: hidden; max-width: 100%; min-height: 182px\"\n\t>\n\t\t<div class=\"sow-carousel-title has-title\">\n\t<h3 class=\"widget-title\">Neues bei SCHWEBACH<\/h3>\t\t<div class=\"sow-carousel-navigation \">\n\t\t\t\t\t\t<a href=\"#\" class=\"sow-carousel-next\" title=\"Next\" aria-label=\"Next Posts\" role=\"button\"><\/a>\n\t\t\t\t\t\t<a href=\"#\" class=\"sow-carousel-previous\" title=\"Previous\" aria-label=\"Previous Posts\" role=\"button\"><\/a>\n\t\t\t\t\t<\/div>\n\t<\/div>\n\n<div class=\"sow-carousel-container \">\n\t\t<div class=\"sow-carousel-wrapper\"\n\t\tdata-dir=\"ltr\"\n\t\tstyle=\"opacity: 0;\"\n\t\tdata-widget=\"post\" data-fetching=\"false\" data-page=\"1\" data-ajax-url=\"https:\/\/schwebach.de\/wp-admin\/admin-ajax.php?_widgets_nonce=3cff676934\" data-item_count=\"228\" data-carousel_settings=\"{&quot;loop&quot;:true,&quot;animation&quot;:&quot;Ease&quot;,&quot;animation_speed&quot;:400,&quot;autoplay&quot;:&quot;&quot;,&quot;pauseOnHover&quot;:&quot;&quot;,&quot;autoplaySpeed&quot;:8000,&quot;item_overflow&quot;:true,&quot;autoplay_continuous_scroll&quot;:false}\" data-responsive=\"{&quot;desktop_slides_to_scroll&quot;:1,&quot;tablet_landscape_breakpoint&quot;:1366,&quot;tablet_landscape_slides_to_scroll&quot;:2,&quot;tablet_portrait_breakpoint&quot;:1025,&quot;tablet_portrait_slides_to_scroll&quot;:2,&quot;mobile_breakpoint&quot;:480,&quot;mobile_slides_to_scroll&quot;:1}\" data-variable_width=\"true\" \t>\n\t\t<div\n\t\t\tclass=\"sow-carousel-items\"\n\t\t\t\t\t>\n\t\t\t\t<div class=\"sow-carousel-item\" tabindex=\"-1\" style=\"float: left;\">\n\t\t<div class=\"sow-carousel-thumbnail\">\n\t\t\t\t\t\t\t<a\n\t\t\t\t\thref=\"https:\/\/schwebach.de\/?p=3750\"\n\t\t\t\t\t\t\t\t\t\tstyle=\"background-image: url( https:\/\/schwebach.de\/wp-content\/uploads\/2021\/04\/ostern-272x182.jpg )\"\n\t\t\t\t\taria-labelledby=\"sow-carousel-id-3750\"\n\t\t\t\t\ttabindex=\"-1\"\n\t\t\t\t>\n\t\t\t\t\t<span class=\"overlay\"><\/span>\n\t\t\t\t<\/a>\n\t\t\t\t\t<\/div>\n\t\t<h3 class=\"sow-carousel-item-title\">\n\t\t\t<a\n\t\t\t\thref=\"https:\/\/schwebach.de\/?p=3750\"\n\t\t\t\tid=\"sow-carousel-id-3750\"\n\t\t\t\t\t\t\t\ttabindex=\"-1\"\n\t\t\t>\n\n\t\t\t\tFrohe Ostern\t\t\t<\/a>\n\t\t<\/h3>\n\t<\/div>\n\t\t<div class=\"sow-carousel-item\" tabindex=\"-1\" style=\"float: left;\">\n\t\t<div class=\"sow-carousel-thumbnail\">\n\t\t\t\t\t\t\t<a\n\t\t\t\t\thref=\"https:\/\/schwebach.de\/?p=3737\"\n\t\t\t\t\t\t\t\t\t\tstyle=\"background-image: url( https:\/\/schwebach.de\/wp-content\/uploads\/2025\/12\/x-mas-272x182.jpg )\"\n\t\t\t\t\taria-labelledby=\"sow-carousel-id-3737\"\n\t\t\t\t\ttabindex=\"-1\"\n\t\t\t\t>\n\t\t\t\t\t<span class=\"overlay\"><\/span>\n\t\t\t\t<\/a>\n\t\t\t\t\t<\/div>\n\t\t<h3 class=\"sow-carousel-item-title\">\n\t\t\t<a\n\t\t\t\thref=\"https:\/\/schwebach.de\/?p=3737\"\n\t\t\t\tid=\"sow-carousel-id-3737\"\n\t\t\t\t\t\t\t\ttabindex=\"-1\"\n\t\t\t>\n\n\t\t\t\tFrohe Weihnachten\t\t\t<\/a>\n\t\t<\/h3>\n\t<\/div>\n\t\t<div class=\"sow-carousel-item\" tabindex=\"-1\" style=\"float: left;\">\n\t\t<div class=\"sow-carousel-thumbnail\">\n\t\t\t\t\t\t\t<a\n\t\t\t\t\thref=\"https:\/\/schwebach.de\/?p=3744\"\n\t\t\t\t\t\t\t\t\t\tstyle=\"background-image: url( https:\/\/schwebach.de\/wp-content\/uploads\/2025\/12\/allegra-272x182.png )\"\n\t\t\t\t\taria-labelledby=\"sow-carousel-id-3744\"\n\t\t\t\t\ttabindex=\"-1\"\n\t\t\t\t>\n\t\t\t\t\t<span class=\"overlay\"><\/span>\n\t\t\t\t<\/a>\n\t\t\t\t\t<\/div>\n\t\t<h3 class=\"sow-carousel-item-title\">\n\t\t\t<a\n\t\t\t\thref=\"https:\/\/schwebach.de\/?p=3744\"\n\t\t\t\tid=\"sow-carousel-id-3744\"\n\t\t\t\t\t\t\t\ttabindex=\"-1\"\n\t\t\t>\n\n\t\t\t\tAllegra Workshop\t\t\t<\/a>\n\t\t<\/h3>\n\t<\/div>\n\t\t<div class=\"sow-carousel-item\" tabindex=\"-1\" style=\"float: left;\">\n\t\t<div class=\"sow-carousel-thumbnail\">\n\t\t\t\t\t\t\t<a\n\t\t\t\t\thref=\"https:\/\/schwebach.de\/?p=3717\"\n\t\t\t\t\t\t\t\t\t\tstyle=\"background-image: url( https:\/\/schwebach.de\/wp-content\/uploads\/2025\/04\/video-272x182.jpg )\"\n\t\t\t\t\taria-labelledby=\"sow-carousel-id-3717\"\n\t\t\t\t\ttabindex=\"-1\"\n\t\t\t\t>\n\t\t\t\t\t<span class=\"overlay\"><\/span>\n\t\t\t\t<\/a>\n\t\t\t\t\t<\/div>\n\t\t<h3 class=\"sow-carousel-item-title\">\n\t\t\t<a\n\t\t\t\thref=\"https:\/\/schwebach.de\/?p=3717\"\n\t\t\t\tid=\"sow-carousel-id-3717\"\n\t\t\t\t\t\t\t\ttabindex=\"-1\"\n\t\t\t>\n\n\t\t\t\tUnser neues Firmenvideo\t\t\t<\/a>\n\t\t<\/h3>\n\t<\/div>\n\t\t<div class=\"sow-carousel-item\" tabindex=\"-1\" style=\"float: left;\">\n\t\t<div class=\"sow-carousel-thumbnail\">\n\t\t\t\t\t\t\t<a\n\t\t\t\t\thref=\"https:\/\/schwebach.de\/?p=3706\"\n\t\t\t\t\t\t\t\t\t\tstyle=\"background-image: url( https:\/\/schwebach.de\/wp-content\/uploads\/2025\/04\/stapelfahrer-272x182.jpg )\"\n\t\t\t\t\taria-labelledby=\"sow-carousel-id-3706\"\n\t\t\t\t\ttabindex=\"-1\"\n\t\t\t\t>\n\t\t\t\t\t<span class=\"overlay\"><\/span>\n\t\t\t\t<\/a>\n\t\t\t\t\t<\/div>\n\t\t<h3 class=\"sow-carousel-item-title\">\n\t\t\t<a\n\t\t\t\thref=\"https:\/\/schwebach.de\/?p=3706\"\n\t\t\t\tid=\"sow-carousel-id-3706\"\n\t\t\t\t\t\t\t\ttabindex=\"-1\"\n\t\t\t>\n\n\t\t\t\tGabelstapler-Pr\u00fcfungen bei Schwebach\t\t\t<\/a>\n\t\t<\/h3>\n\t<\/div>\n\t\t<div class=\"sow-carousel-item\" tabindex=\"-1\" style=\"float: left;\">\n\t\t<div class=\"sow-carousel-thumbnail\">\n\t\t\t\t\t\t\t<a\n\t\t\t\t\thref=\"https:\/\/schwebach.de\/?p=3695\"\n\t\t\t\t\t\t\t\t\t\tstyle=\"background-image: url( https:\/\/schwebach.de\/wp-content\/uploads\/2025\/01\/schimmelseminar-272x182.jpg )\"\n\t\t\t\t\taria-labelledby=\"sow-carousel-id-3695\"\n\t\t\t\t\ttabindex=\"-1\"\n\t\t\t\t>\n\t\t\t\t\t<span class=\"overlay\"><\/span>\n\t\t\t\t<\/a>\n\t\t\t\t\t<\/div>\n\t\t<h3 class=\"sow-carousel-item-title\">\n\t\t\t<a\n\t\t\t\thref=\"https:\/\/schwebach.de\/?p=3695\"\n\t\t\t\tid=\"sow-carousel-id-3695\"\n\t\t\t\t\t\t\t\ttabindex=\"-1\"\n\t\t\t>\n\n\t\t\t\tSchulung zum Thema Schimmel mit Fakolith\t\t\t<\/a>\n\t\t<\/h3>\n\t<\/div>\n\t\t\t<\/div>\n\t\t\t<\/div>\n\n\t<\/div>\n\t\t<input type=\"hidden\" name=\"instance_hash\" value=\"7ba38ab1\"\/>\n\t<\/div>\n<\/div><\/div><\/div><\/div><\/div><div id=\"pg-37-2\"  class=\"panel-grid panel-no-style\" ><div id=\"pgc-37-2-0\"  class=\"panel-grid-cell\" ><div id=\"panel-37-2-0-0\" class=\"so-panel widget widget_sow-video panel-first-child panel-last-child\" data-index=\"2\" ><div class=\"wow zoomInDown panel-widget-style panel-widget-style-for-37-2-0-0\" data-wow-offset=\"10\" data-wow-iteration=\"1\" ><div\n\t\t\t\n\t\t\tclass=\"so-widget-sow-video so-widget-sow-video-default-c08170c47cfb-3695\"\n\t\t\t\n\t\t>\n<div class=\"sow-video-wrapper\n\">\n\t\t\t<iframe loading=\"lazy\" title=\"Schwebach Maler &amp; Lackierer GmbH\" width=\"750\" height=\"422\" src=\"https:\/\/www.youtube.com\/embed\/6F35T4tb-gM?feature=oembed&enablejsapi=1\" frameborder=\"0\" allow=\"accelerometer; autoplay; clipboard-write; encrypted-media; gyroscope; picture-in-picture; web-share\" referrerpolicy=\"strict-origin-when-cross-origin\" allowfullscreen allowfullscreen mozallowfullscreen webkitallowfullscreen sandbox=\"allow-scripts allow-same-origin allow-presentation\"><\/iframe>\t<\/div>\n<\/div><\/div><\/div><\/div><\/div><\/div>","protected":false},"excerpt":{"rendered":"<p>SCHWEBACH Maler &amp; Lackierer GmbH Geben Sie Ihren R\u00e4umen eine ganz besondere Nuance mit unseren kreativen und \u00f6kologischen Maltechniken der SCHWEBACH Maler &amp; Lackierer GmbH. Unser Leistungsspektrum umfasst ein breites Angebot rund um die Gestaltung, der Sanierung, der Fassadengestaltung, der<\/p>\n","protected":false},"author":1,"featured_media":52,"parent":0,"menu_order":0,"comment_status":"closed","ping_status":"closed","template":"","meta":{"footnotes":""},"class_list":["post-37","page","type-page","status-publish","has-post-thumbnail","hentry"],"yoast_head":"<!-- This site is optimized with the Yoast SEO plugin v27.3 - https:\/\/yoast.com\/product\/yoast-seo-wordpress\/ -->\n<title>SCHWEBACH Maler &amp; Lackierer GmbH - Ihr Wohlf\u00fchlmaler aus Irsch<\/title>\n<meta name=\"description\" content=\"Mit kreativen u. \u00f6kologischen Maltechniken gestalten wir Lebensr\u00e4ume als Wohlf\u00fchlmaler, mit Lehmfarben, dekorativen Wandbel\u00e4gen und Fassaden.\" \/>\n<meta name=\"robots\" content=\"index, follow, max-snippet:-1, max-image-preview:large, max-video-preview:-1\" \/>\n<link rel=\"canonical\" href=\"https:\/\/schwebach.de\/\" \/>\n<meta property=\"og:locale\" content=\"de_DE\" \/>\n<meta property=\"og:type\" content=\"article\" \/>\n<meta property=\"og:title\" content=\"SCHWEBACH Mein Wohlf\u00fchl Maler\" \/>\n<meta property=\"og:description\" content=\"Sich in den eigenen R\u00e4umen wohl zu f\u00fchlen - das klingt banal und doch ist es die elementarste Aufgabe, der wir uns stellen. K\u00f6rper, Seele und Sinne in Einklang zu bringen durch R\u00e4ume, die zu Lebensr\u00e4umen werden, in denen wir harmonisch und gesund wohnen, genau das ist unser Ziel.\" \/>\n<meta property=\"og:url\" content=\"https:\/\/schwebach.de\/\" \/>\n<meta property=\"og:site_name\" content=\"SCHWEBACH Maler &amp; Lackierer\" \/>\n<meta property=\"article:publisher\" content=\"https:\/\/www.facebook.com\/schwebach.wohlfuehlmaler\" \/>\n<meta property=\"article:modified_time\" content=\"2025-04-17T06:46:43+00:00\" \/>\n<meta property=\"og:image\" content=\"https:\/\/schwebach.de\/wp-content\/uploads\/2016\/04\/slider02.jpg\" \/>\n\t<meta property=\"og:image:width\" content=\"1920\" \/>\n\t<meta property=\"og:image:height\" content=\"412\" \/>\n\t<meta property=\"og:image:type\" content=\"image\/jpeg\" \/>\n<meta name=\"twitter:card\" content=\"summary_large_image\" \/>\n<meta name=\"twitter:label1\" content=\"Gesch\u00e4tzte Lesezeit\" \/>\n\t<meta name=\"twitter:data1\" content=\"1\u00a0Minute\" \/>\n<script type=\"application\/ld+json\" class=\"yoast-schema-graph\">{\"@context\":\"https:\\\/\\\/schema.org\",\"@graph\":[{\"@type\":\"WebPage\",\"@id\":\"https:\\\/\\\/schwebach.de\\\/\",\"url\":\"https:\\\/\\\/schwebach.de\\\/\",\"name\":\"SCHWEBACH Maler & Lackierer GmbH - Ihr Wohlf\u00fchlmaler aus Irsch\",\"isPartOf\":{\"@id\":\"https:\\\/\\\/schwebach.de\\\/#website\"},\"primaryImageOfPage\":{\"@id\":\"https:\\\/\\\/schwebach.de\\\/#primaryimage\"},\"image\":{\"@id\":\"https:\\\/\\\/schwebach.de\\\/#primaryimage\"},\"thumbnailUrl\":\"https:\\\/\\\/schwebach.de\\\/wp-content\\\/uploads\\\/2016\\\/04\\\/slider02.jpg\",\"datePublished\":\"2016-04-26T11:06:32+00:00\",\"dateModified\":\"2025-04-17T06:46:43+00:00\",\"description\":\"Mit kreativen u. \u00f6kologischen Maltechniken gestalten wir Lebensr\u00e4ume als Wohlf\u00fchlmaler, mit Lehmfarben, dekorativen Wandbel\u00e4gen und Fassaden.\",\"breadcrumb\":{\"@id\":\"https:\\\/\\\/schwebach.de\\\/#breadcrumb\"},\"inLanguage\":\"de\",\"potentialAction\":[{\"@type\":\"ReadAction\",\"target\":[\"https:\\\/\\\/schwebach.de\\\/\"]}]},{\"@type\":\"ImageObject\",\"inLanguage\":\"de\",\"@id\":\"https:\\\/\\\/schwebach.de\\\/#primaryimage\",\"url\":\"https:\\\/\\\/schwebach.de\\\/wp-content\\\/uploads\\\/2016\\\/04\\\/slider02.jpg\",\"contentUrl\":\"https:\\\/\\\/schwebach.de\\\/wp-content\\\/uploads\\\/2016\\\/04\\\/slider02.jpg\",\"width\":1920,\"height\":412,\"caption\":\"SCHWEBACH der Wohlf\u00fchlmaler\"},{\"@type\":\"BreadcrumbList\",\"@id\":\"https:\\\/\\\/schwebach.de\\\/#breadcrumb\",\"itemListElement\":[{\"@type\":\"ListItem\",\"position\":1,\"name\":\"Startseite\",\"item\":\"https:\\\/\\\/schwebach.de\\\/\"},{\"@type\":\"ListItem\",\"position\":2,\"name\":\"Home\"}]},{\"@type\":\"WebSite\",\"@id\":\"https:\\\/\\\/schwebach.de\\\/#website\",\"url\":\"https:\\\/\\\/schwebach.de\\\/\",\"name\":\"SCHWEBACH Maler &amp; Lackierer\",\"description\":\"Ihr Wohlf\u00fchlmaler aus Irsch\\\/Saar\",\"publisher\":{\"@id\":\"https:\\\/\\\/schwebach.de\\\/#organization\"},\"potentialAction\":[{\"@type\":\"SearchAction\",\"target\":{\"@type\":\"EntryPoint\",\"urlTemplate\":\"https:\\\/\\\/schwebach.de\\\/?s={search_term_string}\"},\"query-input\":{\"@type\":\"PropertyValueSpecification\",\"valueRequired\":true,\"valueName\":\"search_term_string\"}}],\"inLanguage\":\"de\"},{\"@type\":\"Organization\",\"@id\":\"https:\\\/\\\/schwebach.de\\\/#organization\",\"name\":\"Schwebach Maler & Lackierer GmbH\",\"url\":\"https:\\\/\\\/schwebach.de\\\/\",\"logo\":{\"@type\":\"ImageObject\",\"inLanguage\":\"de\",\"@id\":\"https:\\\/\\\/schwebach.de\\\/#\\\/schema\\\/logo\\\/image\\\/\",\"url\":\"https:\\\/\\\/schwebach.de\\\/wp-content\\\/uploads\\\/2016\\\/04\\\/butterfly.png\",\"contentUrl\":\"https:\\\/\\\/schwebach.de\\\/wp-content\\\/uploads\\\/2016\\\/04\\\/butterfly.png\",\"width\":463,\"height\":310,\"caption\":\"Schwebach Maler & Lackierer GmbH\"},\"image\":{\"@id\":\"https:\\\/\\\/schwebach.de\\\/#\\\/schema\\\/logo\\\/image\\\/\"},\"sameAs\":[\"https:\\\/\\\/www.facebook.com\\\/schwebach.wohlfuehlmaler\",\"https:\\\/\\\/www.youtube.com\\\/user\\\/Wohlfuehlmaler\"]}]}<\/script>\n<!-- \/ Yoast SEO plugin. -->","yoast_head_json":{"title":"SCHWEBACH Maler & Lackierer GmbH - Ihr Wohlf\u00fchlmaler aus Irsch","description":"Mit kreativen u. \u00f6kologischen Maltechniken gestalten wir Lebensr\u00e4ume als Wohlf\u00fchlmaler, mit Lehmfarben, dekorativen Wandbel\u00e4gen und Fassaden.","robots":{"index":"index","follow":"follow","max-snippet":"max-snippet:-1","max-image-preview":"max-image-preview:large","max-video-preview":"max-video-preview:-1"},"canonical":"https:\/\/schwebach.de\/","og_locale":"de_DE","og_type":"article","og_title":"SCHWEBACH Mein Wohlf\u00fchl Maler","og_description":"Sich in den eigenen R\u00e4umen wohl zu f\u00fchlen - das klingt banal und doch ist es die elementarste Aufgabe, der wir uns stellen. K\u00f6rper, Seele und Sinne in Einklang zu bringen durch R\u00e4ume, die zu Lebensr\u00e4umen werden, in denen wir harmonisch und gesund wohnen, genau das ist unser Ziel.","og_url":"https:\/\/schwebach.de\/","og_site_name":"SCHWEBACH Maler &amp; Lackierer","article_publisher":"https:\/\/www.facebook.com\/schwebach.wohlfuehlmaler","article_modified_time":"2025-04-17T06:46:43+00:00","og_image":[{"width":1920,"height":412,"url":"https:\/\/schwebach.de\/wp-content\/uploads\/2016\/04\/slider02.jpg","type":"image\/jpeg"}],"twitter_card":"summary_large_image","twitter_misc":{"Gesch\u00e4tzte Lesezeit":"1\u00a0Minute"},"schema":{"@context":"https:\/\/schema.org","@graph":[{"@type":"WebPage","@id":"https:\/\/schwebach.de\/","url":"https:\/\/schwebach.de\/","name":"SCHWEBACH Maler & Lackierer GmbH - Ihr Wohlf\u00fchlmaler aus Irsch","isPartOf":{"@id":"https:\/\/schwebach.de\/#website"},"primaryImageOfPage":{"@id":"https:\/\/schwebach.de\/#primaryimage"},"image":{"@id":"https:\/\/schwebach.de\/#primaryimage"},"thumbnailUrl":"https:\/\/schwebach.de\/wp-content\/uploads\/2016\/04\/slider02.jpg","datePublished":"2016-04-26T11:06:32+00:00","dateModified":"2025-04-17T06:46:43+00:00","description":"Mit kreativen u. \u00f6kologischen Maltechniken gestalten wir Lebensr\u00e4ume als Wohlf\u00fchlmaler, mit Lehmfarben, dekorativen Wandbel\u00e4gen und Fassaden.","breadcrumb":{"@id":"https:\/\/schwebach.de\/#breadcrumb"},"inLanguage":"de","potentialAction":[{"@type":"ReadAction","target":["https:\/\/schwebach.de\/"]}]},{"@type":"ImageObject","inLanguage":"de","@id":"https:\/\/schwebach.de\/#primaryimage","url":"https:\/\/schwebach.de\/wp-content\/uploads\/2016\/04\/slider02.jpg","contentUrl":"https:\/\/schwebach.de\/wp-content\/uploads\/2016\/04\/slider02.jpg","width":1920,"height":412,"caption":"SCHWEBACH der Wohlf\u00fchlmaler"},{"@type":"BreadcrumbList","@id":"https:\/\/schwebach.de\/#breadcrumb","itemListElement":[{"@type":"ListItem","position":1,"name":"Startseite","item":"https:\/\/schwebach.de\/"},{"@type":"ListItem","position":2,"name":"Home"}]},{"@type":"WebSite","@id":"https:\/\/schwebach.de\/#website","url":"https:\/\/schwebach.de\/","name":"SCHWEBACH Maler &amp; Lackierer","description":"Ihr Wohlf\u00fchlmaler aus Irsch\/Saar","publisher":{"@id":"https:\/\/schwebach.de\/#organization"},"potentialAction":[{"@type":"SearchAction","target":{"@type":"EntryPoint","urlTemplate":"https:\/\/schwebach.de\/?s={search_term_string}"},"query-input":{"@type":"PropertyValueSpecification","valueRequired":true,"valueName":"search_term_string"}}],"inLanguage":"de"},{"@type":"Organization","@id":"https:\/\/schwebach.de\/#organization","name":"Schwebach Maler & Lackierer GmbH","url":"https:\/\/schwebach.de\/","logo":{"@type":"ImageObject","inLanguage":"de","@id":"https:\/\/schwebach.de\/#\/schema\/logo\/image\/","url":"https:\/\/schwebach.de\/wp-content\/uploads\/2016\/04\/butterfly.png","contentUrl":"https:\/\/schwebach.de\/wp-content\/uploads\/2016\/04\/butterfly.png","width":463,"height":310,"caption":"Schwebach Maler & Lackierer GmbH"},"image":{"@id":"https:\/\/schwebach.de\/#\/schema\/logo\/image\/"},"sameAs":["https:\/\/www.facebook.com\/schwebach.wohlfuehlmaler","https:\/\/www.youtube.com\/user\/Wohlfuehlmaler"]}]}},"_links":{"self":[{"href":"https:\/\/schwebach.de\/index.php?rest_route=\/wp\/v2\/pages\/37","targetHints":{"allow":["GET"]}}],"collection":[{"href":"https:\/\/schwebach.de\/index.php?rest_route=\/wp\/v2\/pages"}],"about":[{"href":"https:\/\/schwebach.de\/index.php?rest_route=\/wp\/v2\/types\/page"}],"author":[{"embeddable":true,"href":"https:\/\/schwebach.de\/index.php?rest_route=\/wp\/v2\/users\/1"}],"replies":[{"embeddable":true,"href":"https:\/\/schwebach.de\/index.php?rest_route=%2Fwp%2Fv2%2Fcomments&post=37"}],"version-history":[{"count":82,"href":"https:\/\/schwebach.de\/index.php?rest_route=\/wp\/v2\/pages\/37\/revisions"}],"predecessor-version":[{"id":3716,"href":"https:\/\/schwebach.de\/index.php?rest_route=\/wp\/v2\/pages\/37\/revisions\/3716"}],"wp:featuredmedia":[{"embeddable":true,"href":"https:\/\/schwebach.de\/index.php?rest_route=\/wp\/v2\/media\/52"}],"wp:attachment":[{"href":"https:\/\/schwebach.de\/index.php?rest_route=%2Fwp%2Fv2%2Fmedia&parent=37"}],"curies":[{"name":"wp","href":"https:\/\/api.w.org\/{rel}","templated":true}]}}