{"id":3369,"date":"2020-10-23T15:11:08","date_gmt":"2020-10-23T13:11:08","guid":{"rendered":"https:\/\/schwebach.de\/?page_id=3369"},"modified":"2025-09-26T17:26:56","modified_gmt":"2025-09-26T15:26:56","slug":"kacper","status":"publish","type":"page","link":"https:\/\/schwebach.de\/?page_id=3369","title":{"rendered":"Kacper Polaczek"},"content":{"rendered":"<div id=\"pl-3369\"  class=\"panel-layout\" ><div id=\"pg-3369-0\"  class=\"panel-grid panel-no-style\" ><div id=\"pgc-3369-0-0\"  class=\"panel-grid-cell\" ><div id=\"panel-3369-0-0-0\" class=\"so-panel widget widget_sow-editor panel-first-child panel-last-child\" data-index=\"0\" ><div\n\t\t\t\n\t\t\tclass=\"so-widget-sow-editor so-widget-sow-editor-base\"\n\t\t\t\n\t\t>\n<div class=\"siteorigin-widget-tinymce textwidget\">\n\t<h2><strong>Kacper Polaczek<\/strong><\/h2>\n<p>Kacper startete am 20.08.2020 seine Ausbildung zum Maler u. Lackierer im Schwebach-Team.<\/p>\n<p>Seit dem 11. July 2023 ist er nun Geselle im Team Schwebach<\/p>\n<p><strong>Position:<\/strong> Geselle<\/p>\n<p><strong>T\u00e4tigkeitsschwerpunkte:<\/strong><\/p>\n<ul>\n<li>Abkleben<\/li>\n<li>Sauber machen<\/li>\n<\/ul>\n<p><strong>Spezialit\u00e4ten<\/strong><\/p>\n<ul>\n<li>Spachteln und Schleifen von W\u00e4nden<\/li>\n<\/ul>\n<figure id=\"attachment_3372\" aria-describedby=\"caption-attachment-3372\" style=\"width: 480px\" class=\"wp-caption alignnone\"><img loading=\"lazy\" decoding=\"async\" class=\"wp-image-3372 size-full\" src=\"https:\/\/schwebach.de\/wp-content\/uploads\/2020\/10\/Kacper-rotated.jpg\" alt=\"Kacper Polaczek\" width=\"480\" height=\"640\" srcset=\"https:\/\/schwebach.de\/wp-content\/uploads\/2020\/10\/Kacper-rotated.jpg 480w, https:\/\/schwebach.de\/wp-content\/uploads\/2020\/10\/Kacper-225x300.jpg 225w\" sizes=\"auto, (max-width: 480px) 100vw, 480px\" \/><figcaption id=\"caption-attachment-3372\" class=\"wp-caption-text\">Kacper Polaczek<\/figcaption><\/figure>\n<div class=\"mceTemp\"><\/div>\n<\/div>\n<\/div><\/div><\/div><div id=\"pgc-3369-0-1\"  class=\"panel-grid-cell\" ><div id=\"panel-3369-0-1-0\" class=\"so-panel widget widget_nav_menu panel-first-child\" data-index=\"1\" ><div class=\"menu-team-container\"><ul id=\"menu-team\" class=\"menu\"><li id=\"menu-item-257\" class=\"menu-item menu-item-type-post_type menu-item-object-page menu-item-has-children menu-item-257\"><a href=\"https:\/\/schwebach.de\/?page_id=12\">Unser Team<\/a>\n<ul class=\"sub-menu\">\n\t<li id=\"menu-item-246\" class=\"menu-item menu-item-type-post_type menu-item-object-page menu-item-246\"><a href=\"https:\/\/schwebach.de\/?page_id=242\">Heiner Schwebach<\/a><\/li>\n\t<li id=\"menu-item-252\" class=\"menu-item menu-item-type-post_type menu-item-object-page menu-item-252\"><a href=\"https:\/\/schwebach.de\/?page_id=247\">Hans Schwebach<\/a><\/li>\n\t<li id=\"menu-item-265\" class=\"menu-item menu-item-type-post_type menu-item-object-page menu-item-265\"><a href=\"https:\/\/schwebach.de\/?page_id=258\">Elfriede Schwebach<\/a><\/li>\n\t<li id=\"menu-item-264\" class=\"menu-item menu-item-type-post_type menu-item-object-page menu-item-264\"><a href=\"https:\/\/schwebach.de\/?page_id=261\">Hiltrud Schwebach<\/a><\/li>\n\t<li id=\"menu-item-319\" class=\"menu-item menu-item-type-post_type menu-item-object-page menu-item-319\"><a href=\"https:\/\/schwebach.de\/?page_id=285\">Oliver Weiler<\/a><\/li>\n\t<li id=\"menu-item-316\" class=\"menu-item menu-item-type-post_type menu-item-object-page menu-item-316\"><a href=\"https:\/\/schwebach.de\/?page_id=297\">J\u00f6rg Schulze<\/a><\/li>\n\t<li id=\"menu-item-1825\" class=\"menu-item menu-item-type-post_type menu-item-object-page menu-item-1825\"><a href=\"https:\/\/schwebach.de\/?page_id=310\">Renaz G\u00f6k<\/a><\/li>\n\t<li id=\"menu-item-3220\" class=\"menu-item menu-item-type-post_type menu-item-object-page menu-item-3220\"><a href=\"https:\/\/schwebach.de\/?page_id=3216\">Torsten Meuren<\/a><\/li>\n\t<li id=\"menu-item-3674\" class=\"menu-item menu-item-type-post_type menu-item-object-page menu-item-3674\"><a href=\"https:\/\/schwebach.de\/?page_id=3660\">Amelie Drescher<\/a><\/li>\n\t<li id=\"menu-item-3658\" class=\"menu-item menu-item-type-post_type menu-item-object-page menu-item-3658\"><a href=\"https:\/\/schwebach.de\/?page_id=3652\">Lilly Weber<\/a><\/li>\n\t<li id=\"menu-item-3727\" class=\"menu-item menu-item-type-post_type menu-item-object-page menu-item-3727\"><a href=\"https:\/\/schwebach.de\/?page_id=3369\">Kacper Polaczek<\/a><\/li>\n<\/ul>\n<\/li>\n<\/ul><\/div><\/div><div id=\"panel-3369-0-1-1\" class=\"so-panel widget widget_sow-editor panel-last-child\" data-index=\"2\" ><div\n\t\t\t\n\t\t\tclass=\"so-widget-sow-editor so-widget-sow-editor-base\"\n\t\t\t\n\t\t>\n<div class=\"siteorigin-widget-tinymce textwidget\">\n\t<\/div>\n<\/div><\/div><\/div><\/div><\/div>","protected":false},"excerpt":{"rendered":"<p>Kacper Polaczek Kacper startete am 20.08.2020 seine Ausbildung zum Maler u. Lackierer im Schwebach-Team. Seit dem 11. July 2023 ist er nun Geselle im Team Schwebach Position: Geselle T\u00e4tigkeitsschwerpunkte: Abkleben Sauber machen Spezialit\u00e4ten Spachteln und Schleifen von W\u00e4nden<\/p>\n","protected":false},"author":1,"featured_media":3372,"parent":12,"menu_order":0,"comment_status":"closed","ping_status":"closed","template":"","meta":{"footnotes":""},"class_list":["post-3369","page","type-page","status-publish","has-post-thumbnail","hentry"],"yoast_head":"<!-- This site is optimized with the Yoast SEO plugin v27.3 - https:\/\/yoast.com\/product\/yoast-seo-wordpress\/ -->\n<title>Kacper Polaczek - Das Team der Schwebach Maler &amp; Lackierer<\/title>\n<meta name=\"description\" content=\"Im Sommer 2020 startete Kacper Polaczek seine Ausbildung bei uns. Seit Juli 2023 ist er nun Geselle im im Team SCHWEBACH\" \/>\n<meta name=\"robots\" content=\"index, follow, max-snippet:-1, max-image-preview:large, max-video-preview:-1\" \/>\n<link rel=\"canonical\" href=\"https:\/\/schwebach.de\/?page_id=3369\" \/>\n<meta property=\"og:locale\" content=\"de_DE\" \/>\n<meta property=\"og:type\" content=\"article\" \/>\n<meta property=\"og:title\" content=\"Kacper Polaczek - Das Team der Schwebach Maler &amp; Lackierer\" \/>\n<meta property=\"og:description\" content=\"Im Sommer 2020 startete Kacper Polaczek seine Ausbildung bei uns. Seit Juli 2023 ist er nun Geselle im im Team SCHWEBACH\" \/>\n<meta property=\"og:url\" content=\"https:\/\/schwebach.de\/?page_id=3369\" \/>\n<meta property=\"og:site_name\" content=\"SCHWEBACH Maler &amp; Lackierer\" \/>\n<meta property=\"article:publisher\" content=\"https:\/\/www.facebook.com\/schwebach.wohlfuehlmaler\" \/>\n<meta property=\"article:modified_time\" content=\"2025-09-26T15:26:56+00:00\" \/>\n<meta property=\"og:image\" content=\"https:\/\/schwebach.de\/wp-content\/uploads\/2020\/10\/Kacper-rotated.jpg\" \/>\n\t<meta property=\"og:image:width\" content=\"480\" \/>\n\t<meta property=\"og:image:height\" content=\"640\" \/>\n\t<meta property=\"og:image:type\" content=\"image\/jpeg\" \/>\n<meta name=\"twitter:card\" content=\"summary_large_image\" \/>\n<meta name=\"twitter:label1\" content=\"Gesch\u00e4tzte Lesezeit\" \/>\n\t<meta name=\"twitter:data1\" content=\"1\u00a0Minute\" \/>\n<script type=\"application\/ld+json\" class=\"yoast-schema-graph\">{\"@context\":\"https:\\\/\\\/schema.org\",\"@graph\":[{\"@type\":\"WebPage\",\"@id\":\"https:\\\/\\\/schwebach.de\\\/?page_id=3369\",\"url\":\"https:\\\/\\\/schwebach.de\\\/?page_id=3369\",\"name\":\"Kacper Polaczek - Das Team der Schwebach Maler & Lackierer\",\"isPartOf\":{\"@id\":\"https:\\\/\\\/schwebach.de\\\/#website\"},\"primaryImageOfPage\":{\"@id\":\"https:\\\/\\\/schwebach.de\\\/?page_id=3369#primaryimage\"},\"image\":{\"@id\":\"https:\\\/\\\/schwebach.de\\\/?page_id=3369#primaryimage\"},\"thumbnailUrl\":\"https:\\\/\\\/schwebach.de\\\/wp-content\\\/uploads\\\/2020\\\/10\\\/Kacper-rotated.jpg\",\"datePublished\":\"2020-10-23T13:11:08+00:00\",\"dateModified\":\"2025-09-26T15:26:56+00:00\",\"description\":\"Im Sommer 2020 startete Kacper Polaczek seine Ausbildung bei uns. Seit Juli 2023 ist er nun Geselle im im Team SCHWEBACH\",\"breadcrumb\":{\"@id\":\"https:\\\/\\\/schwebach.de\\\/?page_id=3369#breadcrumb\"},\"inLanguage\":\"de\",\"potentialAction\":[{\"@type\":\"ReadAction\",\"target\":[\"https:\\\/\\\/schwebach.de\\\/?page_id=3369\"]}]},{\"@type\":\"ImageObject\",\"inLanguage\":\"de\",\"@id\":\"https:\\\/\\\/schwebach.de\\\/?page_id=3369#primaryimage\",\"url\":\"https:\\\/\\\/schwebach.de\\\/wp-content\\\/uploads\\\/2020\\\/10\\\/Kacper-rotated.jpg\",\"contentUrl\":\"https:\\\/\\\/schwebach.de\\\/wp-content\\\/uploads\\\/2020\\\/10\\\/Kacper-rotated.jpg\",\"width\":480,\"height\":640,\"caption\":\"Kacper Polaczek\"},{\"@type\":\"BreadcrumbList\",\"@id\":\"https:\\\/\\\/schwebach.de\\\/?page_id=3369#breadcrumb\",\"itemListElement\":[{\"@type\":\"ListItem\",\"position\":1,\"name\":\"Startseite\",\"item\":\"https:\\\/\\\/schwebach.de\\\/\"},{\"@type\":\"ListItem\",\"position\":2,\"name\":\"Unser Team\",\"item\":\"https:\\\/\\\/schwebach.de\\\/?page_id=12\"},{\"@type\":\"ListItem\",\"position\":3,\"name\":\"Kacper Polaczek\"}]},{\"@type\":\"WebSite\",\"@id\":\"https:\\\/\\\/schwebach.de\\\/#website\",\"url\":\"https:\\\/\\\/schwebach.de\\\/\",\"name\":\"SCHWEBACH Maler &amp; Lackierer\",\"description\":\"Ihr Wohlf\u00fchlmaler aus Irsch\\\/Saar\",\"publisher\":{\"@id\":\"https:\\\/\\\/schwebach.de\\\/#organization\"},\"potentialAction\":[{\"@type\":\"SearchAction\",\"target\":{\"@type\":\"EntryPoint\",\"urlTemplate\":\"https:\\\/\\\/schwebach.de\\\/?s={search_term_string}\"},\"query-input\":{\"@type\":\"PropertyValueSpecification\",\"valueRequired\":true,\"valueName\":\"search_term_string\"}}],\"inLanguage\":\"de\"},{\"@type\":\"Organization\",\"@id\":\"https:\\\/\\\/schwebach.de\\\/#organization\",\"name\":\"Schwebach Maler & Lackierer GmbH\",\"url\":\"https:\\\/\\\/schwebach.de\\\/\",\"logo\":{\"@type\":\"ImageObject\",\"inLanguage\":\"de\",\"@id\":\"https:\\\/\\\/schwebach.de\\\/#\\\/schema\\\/logo\\\/image\\\/\",\"url\":\"https:\\\/\\\/schwebach.de\\\/wp-content\\\/uploads\\\/2016\\\/04\\\/butterfly.png\",\"contentUrl\":\"https:\\\/\\\/schwebach.de\\\/wp-content\\\/uploads\\\/2016\\\/04\\\/butterfly.png\",\"width\":463,\"height\":310,\"caption\":\"Schwebach Maler & Lackierer GmbH\"},\"image\":{\"@id\":\"https:\\\/\\\/schwebach.de\\\/#\\\/schema\\\/logo\\\/image\\\/\"},\"sameAs\":[\"https:\\\/\\\/www.facebook.com\\\/schwebach.wohlfuehlmaler\",\"https:\\\/\\\/www.youtube.com\\\/user\\\/Wohlfuehlmaler\"]}]}<\/script>\n<!-- \/ Yoast SEO plugin. -->","yoast_head_json":{"title":"Kacper Polaczek - Das Team der Schwebach Maler & Lackierer","description":"Im Sommer 2020 startete Kacper Polaczek seine Ausbildung bei uns. Seit Juli 2023 ist er nun Geselle im im Team SCHWEBACH","robots":{"index":"index","follow":"follow","max-snippet":"max-snippet:-1","max-image-preview":"max-image-preview:large","max-video-preview":"max-video-preview:-1"},"canonical":"https:\/\/schwebach.de\/?page_id=3369","og_locale":"de_DE","og_type":"article","og_title":"Kacper Polaczek - Das Team der Schwebach Maler & Lackierer","og_description":"Im Sommer 2020 startete Kacper Polaczek seine Ausbildung bei uns. Seit Juli 2023 ist er nun Geselle im im Team SCHWEBACH","og_url":"https:\/\/schwebach.de\/?page_id=3369","og_site_name":"SCHWEBACH Maler &amp; Lackierer","article_publisher":"https:\/\/www.facebook.com\/schwebach.wohlfuehlmaler","article_modified_time":"2025-09-26T15:26:56+00:00","og_image":[{"width":480,"height":640,"url":"https:\/\/schwebach.de\/wp-content\/uploads\/2020\/10\/Kacper-rotated.jpg","type":"image\/jpeg"}],"twitter_card":"summary_large_image","twitter_misc":{"Gesch\u00e4tzte Lesezeit":"1\u00a0Minute"},"schema":{"@context":"https:\/\/schema.org","@graph":[{"@type":"WebPage","@id":"https:\/\/schwebach.de\/?page_id=3369","url":"https:\/\/schwebach.de\/?page_id=3369","name":"Kacper Polaczek - Das Team der Schwebach Maler & Lackierer","isPartOf":{"@id":"https:\/\/schwebach.de\/#website"},"primaryImageOfPage":{"@id":"https:\/\/schwebach.de\/?page_id=3369#primaryimage"},"image":{"@id":"https:\/\/schwebach.de\/?page_id=3369#primaryimage"},"thumbnailUrl":"https:\/\/schwebach.de\/wp-content\/uploads\/2020\/10\/Kacper-rotated.jpg","datePublished":"2020-10-23T13:11:08+00:00","dateModified":"2025-09-26T15:26:56+00:00","description":"Im Sommer 2020 startete Kacper Polaczek seine Ausbildung bei uns. Seit Juli 2023 ist er nun Geselle im im Team SCHWEBACH","breadcrumb":{"@id":"https:\/\/schwebach.de\/?page_id=3369#breadcrumb"},"inLanguage":"de","potentialAction":[{"@type":"ReadAction","target":["https:\/\/schwebach.de\/?page_id=3369"]}]},{"@type":"ImageObject","inLanguage":"de","@id":"https:\/\/schwebach.de\/?page_id=3369#primaryimage","url":"https:\/\/schwebach.de\/wp-content\/uploads\/2020\/10\/Kacper-rotated.jpg","contentUrl":"https:\/\/schwebach.de\/wp-content\/uploads\/2020\/10\/Kacper-rotated.jpg","width":480,"height":640,"caption":"Kacper Polaczek"},{"@type":"BreadcrumbList","@id":"https:\/\/schwebach.de\/?page_id=3369#breadcrumb","itemListElement":[{"@type":"ListItem","position":1,"name":"Startseite","item":"https:\/\/schwebach.de\/"},{"@type":"ListItem","position":2,"name":"Unser Team","item":"https:\/\/schwebach.de\/?page_id=12"},{"@type":"ListItem","position":3,"name":"Kacper Polaczek"}]},{"@type":"WebSite","@id":"https:\/\/schwebach.de\/#website","url":"https:\/\/schwebach.de\/","name":"SCHWEBACH Maler &amp; Lackierer","description":"Ihr Wohlf\u00fchlmaler aus Irsch\/Saar","publisher":{"@id":"https:\/\/schwebach.de\/#organization"},"potentialAction":[{"@type":"SearchAction","target":{"@type":"EntryPoint","urlTemplate":"https:\/\/schwebach.de\/?s={search_term_string}"},"query-input":{"@type":"PropertyValueSpecification","valueRequired":true,"valueName":"search_term_string"}}],"inLanguage":"de"},{"@type":"Organization","@id":"https:\/\/schwebach.de\/#organization","name":"Schwebach Maler & Lackierer GmbH","url":"https:\/\/schwebach.de\/","logo":{"@type":"ImageObject","inLanguage":"de","@id":"https:\/\/schwebach.de\/#\/schema\/logo\/image\/","url":"https:\/\/schwebach.de\/wp-content\/uploads\/2016\/04\/butterfly.png","contentUrl":"https:\/\/schwebach.de\/wp-content\/uploads\/2016\/04\/butterfly.png","width":463,"height":310,"caption":"Schwebach Maler & Lackierer GmbH"},"image":{"@id":"https:\/\/schwebach.de\/#\/schema\/logo\/image\/"},"sameAs":["https:\/\/www.facebook.com\/schwebach.wohlfuehlmaler","https:\/\/www.youtube.com\/user\/Wohlfuehlmaler"]}]}},"_links":{"self":[{"href":"https:\/\/schwebach.de\/index.php?rest_route=\/wp\/v2\/pages\/3369","targetHints":{"allow":["GET"]}}],"collection":[{"href":"https:\/\/schwebach.de\/index.php?rest_route=\/wp\/v2\/pages"}],"about":[{"href":"https:\/\/schwebach.de\/index.php?rest_route=\/wp\/v2\/types\/page"}],"author":[{"embeddable":true,"href":"https:\/\/schwebach.de\/index.php?rest_route=\/wp\/v2\/users\/1"}],"replies":[{"embeddable":true,"href":"https:\/\/schwebach.de\/index.php?rest_route=%2Fwp%2Fv2%2Fcomments&post=3369"}],"version-history":[{"count":17,"href":"https:\/\/schwebach.de\/index.php?rest_route=\/wp\/v2\/pages\/3369\/revisions"}],"predecessor-version":[{"id":3726,"href":"https:\/\/schwebach.de\/index.php?rest_route=\/wp\/v2\/pages\/3369\/revisions\/3726"}],"up":[{"embeddable":true,"href":"https:\/\/schwebach.de\/index.php?rest_route=\/wp\/v2\/pages\/12"}],"wp:featuredmedia":[{"embeddable":true,"href":"https:\/\/schwebach.de\/index.php?rest_route=\/wp\/v2\/media\/3372"}],"wp:attachment":[{"href":"https:\/\/schwebach.de\/index.php?rest_route=%2Fwp%2Fv2%2Fmedia&parent=3369"}],"curies":[{"name":"wp","href":"https:\/\/api.w.org\/{rel}","templated":true}]}}