{"id":310,"date":"2016-04-29T16:44:23","date_gmt":"2016-04-29T14:44:23","guid":{"rendered":"http:\/\/maler-schwebach.de\/?page_id=310"},"modified":"2023-10-11T14:44:43","modified_gmt":"2023-10-11T12:44:43","slug":"renaz-goek","status":"publish","type":"page","link":"https:\/\/schwebach.de\/?page_id=310","title":{"rendered":"Renaz G\u00f6k"},"content":{"rendered":"<div id=\"pl-310\"  class=\"panel-layout\" ><div id=\"pg-310-0\"  class=\"panel-grid panel-no-style\" ><div id=\"pgc-310-0-0\"  class=\"panel-grid-cell\" ><div id=\"panel-310-0-0-0\" class=\"so-panel widget widget_sow-editor panel-first-child panel-last-child\" data-index=\"0\" ><div\n\t\t\t\n\t\t\tclass=\"so-widget-sow-editor so-widget-sow-editor-base\"\n\t\t\t\n\t\t>\n<div class=\"siteorigin-widget-tinymce textwidget\">\n\t<h2>Renaz G\u00f6k<\/h2>\n<p>Seit Oktober 2016 im Schwebach-Team<\/p>\n<p><strong>Position:<\/strong> Malergeselle<\/p>\n<p><strong>T\u00e4tigkeitsschwerpunkte:<\/strong><\/p>\n<ul>\n<li>Alle Malert\u00e4tigkeiten<\/li>\n<\/ul>\n<p>Erster Arbeitstag: Komplett-Renovierung eines Einfamilienhauses in Trier<\/p>\n<p>Lieblingsbaustelle: genau das erste Schwebachprojekt.<\/p>\n<p><img loading=\"lazy\" decoding=\"async\" class=\"alignnone size-large wp-image-1822\" src=\"https:\/\/schwebach.de\/wp-content\/uploads\/2016\/04\/Renaz_Goek-768x1024.jpg\" alt=\"Renaz G\u00f6k\" width=\"750\" height=\"1000\" srcset=\"https:\/\/schwebach.de\/wp-content\/uploads\/2016\/04\/Renaz_Goek-768x1024.jpg 768w, https:\/\/schwebach.de\/wp-content\/uploads\/2016\/04\/Renaz_Goek-225x300.jpg 225w, https:\/\/schwebach.de\/wp-content\/uploads\/2016\/04\/Renaz_Goek.jpg 960w\" sizes=\"auto, (max-width: 750px) 100vw, 750px\" \/><\/p>\n<\/div>\n<\/div><\/div><\/div><div id=\"pgc-310-0-1\"  class=\"panel-grid-cell\" ><div id=\"panel-310-0-1-0\" class=\"so-panel widget widget_nav_menu panel-first-child\" data-index=\"1\" ><div class=\"menu-team-container\"><ul id=\"menu-team\" class=\"menu\"><li id=\"menu-item-257\" class=\"menu-item menu-item-type-post_type menu-item-object-page menu-item-has-children menu-item-257\"><a href=\"https:\/\/schwebach.de\/?page_id=12\">Unser Team<\/a>\n<ul class=\"sub-menu\">\n\t<li id=\"menu-item-246\" class=\"menu-item menu-item-type-post_type menu-item-object-page menu-item-246\"><a href=\"https:\/\/schwebach.de\/?page_id=242\">Heiner Schwebach<\/a><\/li>\n\t<li id=\"menu-item-252\" class=\"menu-item menu-item-type-post_type menu-item-object-page menu-item-252\"><a href=\"https:\/\/schwebach.de\/?page_id=247\">Hans Schwebach<\/a><\/li>\n\t<li id=\"menu-item-265\" class=\"menu-item menu-item-type-post_type menu-item-object-page menu-item-265\"><a href=\"https:\/\/schwebach.de\/?page_id=258\">Elfriede Schwebach<\/a><\/li>\n\t<li id=\"menu-item-264\" class=\"menu-item menu-item-type-post_type menu-item-object-page menu-item-264\"><a href=\"https:\/\/schwebach.de\/?page_id=261\">Hiltrud Schwebach<\/a><\/li>\n\t<li id=\"menu-item-319\" class=\"menu-item menu-item-type-post_type menu-item-object-page menu-item-319\"><a href=\"https:\/\/schwebach.de\/?page_id=285\">Oliver Weiler<\/a><\/li>\n\t<li id=\"menu-item-316\" class=\"menu-item menu-item-type-post_type menu-item-object-page menu-item-316\"><a href=\"https:\/\/schwebach.de\/?page_id=297\">J\u00f6rg Schulze<\/a><\/li>\n\t<li id=\"menu-item-1825\" class=\"menu-item menu-item-type-post_type menu-item-object-page menu-item-1825\"><a href=\"https:\/\/schwebach.de\/?page_id=310\">Renaz G\u00f6k<\/a><\/li>\n\t<li id=\"menu-item-3220\" class=\"menu-item menu-item-type-post_type menu-item-object-page menu-item-3220\"><a href=\"https:\/\/schwebach.de\/?page_id=3216\">Torsten Meuren<\/a><\/li>\n\t<li id=\"menu-item-3674\" class=\"menu-item menu-item-type-post_type menu-item-object-page menu-item-3674\"><a href=\"https:\/\/schwebach.de\/?page_id=3660\">Amelie Drescher<\/a><\/li>\n\t<li id=\"menu-item-3658\" class=\"menu-item menu-item-type-post_type menu-item-object-page menu-item-3658\"><a href=\"https:\/\/schwebach.de\/?page_id=3652\">Lilly Weber<\/a><\/li>\n\t<li id=\"menu-item-3727\" class=\"menu-item menu-item-type-post_type menu-item-object-page menu-item-3727\"><a href=\"https:\/\/schwebach.de\/?page_id=3369\">Kacper Polaczek<\/a><\/li>\n<\/ul>\n<\/li>\n<\/ul><\/div><\/div><div id=\"panel-310-0-1-1\" class=\"so-panel widget widget_sow-editor panel-last-child\" data-index=\"2\" ><div\n\t\t\t\n\t\t\tclass=\"so-widget-sow-editor so-widget-sow-editor-base\"\n\t\t\t\n\t\t>\n<div class=\"siteorigin-widget-tinymce textwidget\">\n\t<p align=\"left\"><strong>Hobbys<\/strong><\/p>\n<div align=\"left\">\n<ul>\n<li>Familie (Frau und zwei Kinder)<\/li>\n<li>... und nat\u00fcrlich Fu\u00dfball (So spielt Renaz im Sturm vom TuS Mondorf und\u00a0ist Fan vom\u00a0<a href=\"http:\/\/www.fc-kandil-saarbruecken.de\" target=\"_blank\" rel=\"noopener\">FC Kandil Saarbr\u00fccken<\/a>)<\/li>\n<\/ul>\n<p><img loading=\"lazy\" decoding=\"async\" class=\"alignnone wp-image-1890 size-full\" src=\"https:\/\/schwebach.de\/wp-content\/uploads\/2016\/04\/gekko_arbeit2.jpg\" alt=\"Renaz G\u00f6k\" width=\"600\" height=\"800\" srcset=\"https:\/\/schwebach.de\/wp-content\/uploads\/2016\/04\/gekko_arbeit2.jpg 600w, https:\/\/schwebach.de\/wp-content\/uploads\/2016\/04\/gekko_arbeit2-225x300.jpg 225w\" sizes=\"auto, (max-width: 600px) 100vw, 600px\" \/><\/p>\n<\/div>\n<\/div>\n<\/div><\/div><\/div><\/div><\/div>","protected":false},"excerpt":{"rendered":"<p>Renaz G\u00f6k Seit Oktober 2016 im Schwebach-Team Position: Malergeselle T\u00e4tigkeitsschwerpunkte: Alle Malert\u00e4tigkeiten Erster Arbeitstag: Komplett-Renovierung eines Einfamilienhauses in Trier Lieblingsbaustelle: genau das erste Schwebachprojekt. Hobbys Familie (Frau und zwei Kinder) &#8230; und nat\u00fcrlich Fu\u00dfball (So spielt Renaz im Sturm vom<\/p>\n","protected":false},"author":1,"featured_media":1822,"parent":12,"menu_order":0,"comment_status":"closed","ping_status":"closed","template":"","meta":{"footnotes":""},"class_list":["post-310","page","type-page","status-publish","has-post-thumbnail","hentry"],"yoast_head":"<!-- This site is optimized with the Yoast SEO plugin v27.3 - https:\/\/yoast.com\/product\/yoast-seo-wordpress\/ -->\n<title>Renaz G\u00f6k - Malergeselle im Schwebach-Team Irsch\/Saar<\/title>\n<meta name=\"description\" content=\"Seit Oktober 2016 ist Renaz G\u00f6k als Malergeselle neu im Handwerker-Team der Schwebach Maler &amp; Lackierer GmbH in Irsch bei Saarburg.\" \/>\n<meta name=\"robots\" content=\"index, follow, max-snippet:-1, max-image-preview:large, max-video-preview:-1\" \/>\n<link rel=\"canonical\" href=\"https:\/\/schwebach.de\/?page_id=310\" \/>\n<meta property=\"og:locale\" content=\"de_DE\" \/>\n<meta property=\"og:type\" content=\"article\" \/>\n<meta property=\"og:title\" content=\"Renaz G\u00f6k - Malergeselle im Schwebach-Team Irsch\/Saar\" \/>\n<meta property=\"og:description\" content=\"Seit Oktober 2016 ist Renaz G\u00f6k als Malergeselle neu im Handwerker-Team der Schwebach Maler &amp; Lackierer GmbH in Irsch bei Saarburg.\" \/>\n<meta property=\"og:url\" content=\"https:\/\/schwebach.de\/?page_id=310\" \/>\n<meta property=\"og:site_name\" content=\"SCHWEBACH Maler &amp; Lackierer\" \/>\n<meta property=\"article:publisher\" content=\"https:\/\/www.facebook.com\/schwebach.wohlfuehlmaler\" \/>\n<meta property=\"article:modified_time\" content=\"2023-10-11T12:44:43+00:00\" \/>\n<meta property=\"og:image\" content=\"https:\/\/schwebach.de\/wp-content\/uploads\/2016\/04\/Renaz_Goek.jpg\" \/>\n\t<meta property=\"og:image:width\" content=\"960\" \/>\n\t<meta property=\"og:image:height\" content=\"1280\" \/>\n\t<meta property=\"og:image:type\" content=\"image\/jpeg\" \/>\n<meta name=\"twitter:card\" content=\"summary_large_image\" \/>\n<script type=\"application\/ld+json\" class=\"yoast-schema-graph\">{\"@context\":\"https:\\\/\\\/schema.org\",\"@graph\":[{\"@type\":\"WebPage\",\"@id\":\"https:\\\/\\\/schwebach.de\\\/?page_id=310\",\"url\":\"https:\\\/\\\/schwebach.de\\\/?page_id=310\",\"name\":\"Renaz G\u00f6k - Malergeselle im Schwebach-Team Irsch\\\/Saar\",\"isPartOf\":{\"@id\":\"https:\\\/\\\/schwebach.de\\\/#website\"},\"primaryImageOfPage\":{\"@id\":\"https:\\\/\\\/schwebach.de\\\/?page_id=310#primaryimage\"},\"image\":{\"@id\":\"https:\\\/\\\/schwebach.de\\\/?page_id=310#primaryimage\"},\"thumbnailUrl\":\"https:\\\/\\\/schwebach.de\\\/wp-content\\\/uploads\\\/2016\\\/04\\\/Renaz_Goek.jpg\",\"datePublished\":\"2016-04-29T14:44:23+00:00\",\"dateModified\":\"2023-10-11T12:44:43+00:00\",\"description\":\"Seit Oktober 2016 ist Renaz G\u00f6k als Malergeselle neu im Handwerker-Team der Schwebach Maler & Lackierer GmbH in Irsch bei Saarburg.\",\"breadcrumb\":{\"@id\":\"https:\\\/\\\/schwebach.de\\\/?page_id=310#breadcrumb\"},\"inLanguage\":\"de\",\"potentialAction\":[{\"@type\":\"ReadAction\",\"target\":[\"https:\\\/\\\/schwebach.de\\\/?page_id=310\"]}]},{\"@type\":\"ImageObject\",\"inLanguage\":\"de\",\"@id\":\"https:\\\/\\\/schwebach.de\\\/?page_id=310#primaryimage\",\"url\":\"https:\\\/\\\/schwebach.de\\\/wp-content\\\/uploads\\\/2016\\\/04\\\/Renaz_Goek.jpg\",\"contentUrl\":\"https:\\\/\\\/schwebach.de\\\/wp-content\\\/uploads\\\/2016\\\/04\\\/Renaz_Goek.jpg\",\"width\":960,\"height\":1280,\"caption\":\"Renaz G\u00f6k\"},{\"@type\":\"BreadcrumbList\",\"@id\":\"https:\\\/\\\/schwebach.de\\\/?page_id=310#breadcrumb\",\"itemListElement\":[{\"@type\":\"ListItem\",\"position\":1,\"name\":\"Startseite\",\"item\":\"https:\\\/\\\/schwebach.de\\\/\"},{\"@type\":\"ListItem\",\"position\":2,\"name\":\"Unser Team\",\"item\":\"https:\\\/\\\/schwebach.de\\\/?page_id=12\"},{\"@type\":\"ListItem\",\"position\":3,\"name\":\"Renaz G\u00f6k\"}]},{\"@type\":\"WebSite\",\"@id\":\"https:\\\/\\\/schwebach.de\\\/#website\",\"url\":\"https:\\\/\\\/schwebach.de\\\/\",\"name\":\"SCHWEBACH Maler &amp; Lackierer\",\"description\":\"Ihr Wohlf\u00fchlmaler aus Irsch\\\/Saar\",\"publisher\":{\"@id\":\"https:\\\/\\\/schwebach.de\\\/#organization\"},\"potentialAction\":[{\"@type\":\"SearchAction\",\"target\":{\"@type\":\"EntryPoint\",\"urlTemplate\":\"https:\\\/\\\/schwebach.de\\\/?s={search_term_string}\"},\"query-input\":{\"@type\":\"PropertyValueSpecification\",\"valueRequired\":true,\"valueName\":\"search_term_string\"}}],\"inLanguage\":\"de\"},{\"@type\":\"Organization\",\"@id\":\"https:\\\/\\\/schwebach.de\\\/#organization\",\"name\":\"Schwebach Maler & Lackierer GmbH\",\"url\":\"https:\\\/\\\/schwebach.de\\\/\",\"logo\":{\"@type\":\"ImageObject\",\"inLanguage\":\"de\",\"@id\":\"https:\\\/\\\/schwebach.de\\\/#\\\/schema\\\/logo\\\/image\\\/\",\"url\":\"https:\\\/\\\/schwebach.de\\\/wp-content\\\/uploads\\\/2016\\\/04\\\/butterfly.png\",\"contentUrl\":\"https:\\\/\\\/schwebach.de\\\/wp-content\\\/uploads\\\/2016\\\/04\\\/butterfly.png\",\"width\":463,\"height\":310,\"caption\":\"Schwebach Maler & Lackierer GmbH\"},\"image\":{\"@id\":\"https:\\\/\\\/schwebach.de\\\/#\\\/schema\\\/logo\\\/image\\\/\"},\"sameAs\":[\"https:\\\/\\\/www.facebook.com\\\/schwebach.wohlfuehlmaler\",\"https:\\\/\\\/www.youtube.com\\\/user\\\/Wohlfuehlmaler\"]}]}<\/script>\n<!-- \/ Yoast SEO plugin. -->","yoast_head_json":{"title":"Renaz G\u00f6k - Malergeselle im Schwebach-Team Irsch\/Saar","description":"Seit Oktober 2016 ist Renaz G\u00f6k als Malergeselle neu im Handwerker-Team der Schwebach Maler & Lackierer GmbH in Irsch bei Saarburg.","robots":{"index":"index","follow":"follow","max-snippet":"max-snippet:-1","max-image-preview":"max-image-preview:large","max-video-preview":"max-video-preview:-1"},"canonical":"https:\/\/schwebach.de\/?page_id=310","og_locale":"de_DE","og_type":"article","og_title":"Renaz G\u00f6k - Malergeselle im Schwebach-Team Irsch\/Saar","og_description":"Seit Oktober 2016 ist Renaz G\u00f6k als Malergeselle neu im Handwerker-Team der Schwebach Maler & Lackierer GmbH in Irsch bei Saarburg.","og_url":"https:\/\/schwebach.de\/?page_id=310","og_site_name":"SCHWEBACH Maler &amp; Lackierer","article_publisher":"https:\/\/www.facebook.com\/schwebach.wohlfuehlmaler","article_modified_time":"2023-10-11T12:44:43+00:00","og_image":[{"width":960,"height":1280,"url":"https:\/\/schwebach.de\/wp-content\/uploads\/2016\/04\/Renaz_Goek.jpg","type":"image\/jpeg"}],"twitter_card":"summary_large_image","schema":{"@context":"https:\/\/schema.org","@graph":[{"@type":"WebPage","@id":"https:\/\/schwebach.de\/?page_id=310","url":"https:\/\/schwebach.de\/?page_id=310","name":"Renaz G\u00f6k - Malergeselle im Schwebach-Team Irsch\/Saar","isPartOf":{"@id":"https:\/\/schwebach.de\/#website"},"primaryImageOfPage":{"@id":"https:\/\/schwebach.de\/?page_id=310#primaryimage"},"image":{"@id":"https:\/\/schwebach.de\/?page_id=310#primaryimage"},"thumbnailUrl":"https:\/\/schwebach.de\/wp-content\/uploads\/2016\/04\/Renaz_Goek.jpg","datePublished":"2016-04-29T14:44:23+00:00","dateModified":"2023-10-11T12:44:43+00:00","description":"Seit Oktober 2016 ist Renaz G\u00f6k als Malergeselle neu im Handwerker-Team der Schwebach Maler & Lackierer GmbH in Irsch bei Saarburg.","breadcrumb":{"@id":"https:\/\/schwebach.de\/?page_id=310#breadcrumb"},"inLanguage":"de","potentialAction":[{"@type":"ReadAction","target":["https:\/\/schwebach.de\/?page_id=310"]}]},{"@type":"ImageObject","inLanguage":"de","@id":"https:\/\/schwebach.de\/?page_id=310#primaryimage","url":"https:\/\/schwebach.de\/wp-content\/uploads\/2016\/04\/Renaz_Goek.jpg","contentUrl":"https:\/\/schwebach.de\/wp-content\/uploads\/2016\/04\/Renaz_Goek.jpg","width":960,"height":1280,"caption":"Renaz G\u00f6k"},{"@type":"BreadcrumbList","@id":"https:\/\/schwebach.de\/?page_id=310#breadcrumb","itemListElement":[{"@type":"ListItem","position":1,"name":"Startseite","item":"https:\/\/schwebach.de\/"},{"@type":"ListItem","position":2,"name":"Unser Team","item":"https:\/\/schwebach.de\/?page_id=12"},{"@type":"ListItem","position":3,"name":"Renaz G\u00f6k"}]},{"@type":"WebSite","@id":"https:\/\/schwebach.de\/#website","url":"https:\/\/schwebach.de\/","name":"SCHWEBACH Maler &amp; Lackierer","description":"Ihr Wohlf\u00fchlmaler aus Irsch\/Saar","publisher":{"@id":"https:\/\/schwebach.de\/#organization"},"potentialAction":[{"@type":"SearchAction","target":{"@type":"EntryPoint","urlTemplate":"https:\/\/schwebach.de\/?s={search_term_string}"},"query-input":{"@type":"PropertyValueSpecification","valueRequired":true,"valueName":"search_term_string"}}],"inLanguage":"de"},{"@type":"Organization","@id":"https:\/\/schwebach.de\/#organization","name":"Schwebach Maler & Lackierer GmbH","url":"https:\/\/schwebach.de\/","logo":{"@type":"ImageObject","inLanguage":"de","@id":"https:\/\/schwebach.de\/#\/schema\/logo\/image\/","url":"https:\/\/schwebach.de\/wp-content\/uploads\/2016\/04\/butterfly.png","contentUrl":"https:\/\/schwebach.de\/wp-content\/uploads\/2016\/04\/butterfly.png","width":463,"height":310,"caption":"Schwebach Maler & Lackierer GmbH"},"image":{"@id":"https:\/\/schwebach.de\/#\/schema\/logo\/image\/"},"sameAs":["https:\/\/www.facebook.com\/schwebach.wohlfuehlmaler","https:\/\/www.youtube.com\/user\/Wohlfuehlmaler"]}]}},"_links":{"self":[{"href":"https:\/\/schwebach.de\/index.php?rest_route=\/wp\/v2\/pages\/310","targetHints":{"allow":["GET"]}}],"collection":[{"href":"https:\/\/schwebach.de\/index.php?rest_route=\/wp\/v2\/pages"}],"about":[{"href":"https:\/\/schwebach.de\/index.php?rest_route=\/wp\/v2\/types\/page"}],"author":[{"embeddable":true,"href":"https:\/\/schwebach.de\/index.php?rest_route=\/wp\/v2\/users\/1"}],"replies":[{"embeddable":true,"href":"https:\/\/schwebach.de\/index.php?rest_route=%2Fwp%2Fv2%2Fcomments&post=310"}],"version-history":[{"count":15,"href":"https:\/\/schwebach.de\/index.php?rest_route=\/wp\/v2\/pages\/310\/revisions"}],"predecessor-version":[{"id":1894,"href":"https:\/\/schwebach.de\/index.php?rest_route=\/wp\/v2\/pages\/310\/revisions\/1894"}],"up":[{"embeddable":true,"href":"https:\/\/schwebach.de\/index.php?rest_route=\/wp\/v2\/pages\/12"}],"wp:featuredmedia":[{"embeddable":true,"href":"https:\/\/schwebach.de\/index.php?rest_route=\/wp\/v2\/media\/1822"}],"wp:attachment":[{"href":"https:\/\/schwebach.de\/index.php?rest_route=%2Fwp%2Fv2%2Fmedia&parent=310"}],"curies":[{"name":"wp","href":"https:\/\/api.w.org\/{rel}","templated":true}]}}