{"id":297,"date":"2016-04-29T16:34:52","date_gmt":"2016-04-29T14:34:52","guid":{"rendered":"http:\/\/maler-schwebach.de\/?page_id=297"},"modified":"2023-09-08T15:24:24","modified_gmt":"2023-09-08T13:24:24","slug":"joerg-schulze","status":"publish","type":"page","link":"https:\/\/schwebach.de\/?page_id=297","title":{"rendered":"J\u00f6rg Schulze"},"content":{"rendered":"<div id=\"pl-297\"  class=\"panel-layout\" ><div id=\"pg-297-0\"  class=\"panel-grid panel-no-style\" ><div id=\"pgc-297-0-0\"  class=\"panel-grid-cell\" ><div id=\"panel-297-0-0-0\" class=\"so-panel widget widget_sow-editor panel-first-child panel-last-child\" data-index=\"0\" ><div\n\t\t\t\n\t\t\tclass=\"so-widget-sow-editor so-widget-sow-editor-base\"\n\t\t\t\n\t\t>\n<div class=\"siteorigin-widget-tinymce textwidget\">\n\t<h2>J\u00f6rg Schulze (Schnulli)<\/h2>\n<p><strong>Position:<\/strong> Malergeselle<\/p>\n<p><strong>T\u00e4tigkeitsschwerpunkte:<\/strong><\/p>\n<ul>\n<li>Ger\u00fcstbau<\/li>\n<li>Bodenlegen<\/li>\n<li>Fassaden<\/li>\n<\/ul>\n<p>J\u00f6rgs erster Arbeitstag bei Schwebach waren Arbeiten in einem Ferienpark<\/p>\n<p>Sein bisher sch\u00f6nstes Projekt war:<\/p>\n<ul>\n<li>Ferienhausanlage an der unteren Saar<\/li>\n<\/ul>\n<figure id=\"attachment_298\" aria-describedby=\"caption-attachment-298\" style=\"width: 350px\" class=\"wp-caption aligncenter\"><img loading=\"lazy\" decoding=\"async\" class=\"size-full wp-image-298\" src=\"https:\/\/maler-schwebach.de\/wp-content\/uploads\/2016\/04\/t_Schulze_Joerg.jpg\" alt=\"J\u00f6rg Schulze\" width=\"350\" height=\"525\" srcset=\"https:\/\/schwebach.de\/wp-content\/uploads\/2016\/04\/t_Schulze_Joerg.jpg 350w, https:\/\/schwebach.de\/wp-content\/uploads\/2016\/04\/t_Schulze_Joerg-200x300.jpg 200w\" sizes=\"auto, (max-width: 350px) 100vw, 350px\" \/><figcaption id=\"caption-attachment-298\" class=\"wp-caption-text\">J\u00f6rg Schulze<\/figcaption><\/figure>\n<\/div>\n<\/div><\/div><\/div><div id=\"pgc-297-0-1\"  class=\"panel-grid-cell\" ><div id=\"panel-297-0-1-0\" class=\"so-panel widget widget_nav_menu panel-first-child\" data-index=\"1\" ><div class=\"menu-team-container\"><ul id=\"menu-team\" class=\"menu\"><li id=\"menu-item-257\" class=\"menu-item menu-item-type-post_type menu-item-object-page menu-item-has-children menu-item-257\"><a href=\"https:\/\/schwebach.de\/?page_id=12\">Unser Team<\/a>\n<ul class=\"sub-menu\">\n\t<li id=\"menu-item-246\" class=\"menu-item menu-item-type-post_type menu-item-object-page menu-item-246\"><a href=\"https:\/\/schwebach.de\/?page_id=242\">Heiner Schwebach<\/a><\/li>\n\t<li id=\"menu-item-252\" class=\"menu-item menu-item-type-post_type menu-item-object-page menu-item-252\"><a href=\"https:\/\/schwebach.de\/?page_id=247\">Hans Schwebach<\/a><\/li>\n\t<li id=\"menu-item-265\" class=\"menu-item menu-item-type-post_type menu-item-object-page menu-item-265\"><a href=\"https:\/\/schwebach.de\/?page_id=258\">Elfriede Schwebach<\/a><\/li>\n\t<li id=\"menu-item-264\" class=\"menu-item menu-item-type-post_type menu-item-object-page menu-item-264\"><a href=\"https:\/\/schwebach.de\/?page_id=261\">Hiltrud Schwebach<\/a><\/li>\n\t<li id=\"menu-item-319\" class=\"menu-item menu-item-type-post_type menu-item-object-page menu-item-319\"><a href=\"https:\/\/schwebach.de\/?page_id=285\">Oliver Weiler<\/a><\/li>\n\t<li id=\"menu-item-316\" class=\"menu-item menu-item-type-post_type menu-item-object-page menu-item-316\"><a href=\"https:\/\/schwebach.de\/?page_id=297\">J\u00f6rg Schulze<\/a><\/li>\n\t<li id=\"menu-item-1825\" class=\"menu-item menu-item-type-post_type menu-item-object-page menu-item-1825\"><a href=\"https:\/\/schwebach.de\/?page_id=310\">Renaz G\u00f6k<\/a><\/li>\n\t<li id=\"menu-item-3220\" class=\"menu-item menu-item-type-post_type menu-item-object-page menu-item-3220\"><a href=\"https:\/\/schwebach.de\/?page_id=3216\">Torsten Meuren<\/a><\/li>\n\t<li id=\"menu-item-3674\" class=\"menu-item menu-item-type-post_type menu-item-object-page menu-item-3674\"><a href=\"https:\/\/schwebach.de\/?page_id=3660\">Amelie Drescher<\/a><\/li>\n\t<li id=\"menu-item-3658\" class=\"menu-item menu-item-type-post_type menu-item-object-page menu-item-3658\"><a href=\"https:\/\/schwebach.de\/?page_id=3652\">Lilly Weber<\/a><\/li>\n\t<li id=\"menu-item-3727\" class=\"menu-item menu-item-type-post_type menu-item-object-page menu-item-3727\"><a href=\"https:\/\/schwebach.de\/?page_id=3369\">Kacper Polaczek<\/a><\/li>\n<\/ul>\n<\/li>\n<\/ul><\/div><\/div><div id=\"panel-297-0-1-1\" class=\"so-panel widget widget_sow-editor panel-last-child\" data-index=\"2\" ><div\n\t\t\t\n\t\t\tclass=\"so-widget-sow-editor so-widget-sow-editor-base\"\n\t\t\t\n\t\t>\n<div class=\"siteorigin-widget-tinymce textwidget\">\n\t<p align=\"left\"><strong>Hobbys<\/strong><\/p>\n<div align=\"left\">\n<ul>\n<li>Schallplatten sammeln<\/li>\n<li><a href=\"http:\/\/www.karl-may-freunde.de\/\" target=\"_blank\">Karl-May Festspiele Pluwig<\/a><\/li>\n<\/ul>\n<p><figure id=\"attachment_299\" aria-describedby=\"caption-attachment-299\" style=\"width: 350px\" class=\"wp-caption aligncenter\"><img loading=\"lazy\" decoding=\"async\" class=\"size-full wp-image-299\" src=\"https:\/\/maler-schwebach.de\/wp-content\/uploads\/2016\/04\/tp_Schulze_Joerg.jpg\" alt=\"J\u00f6rg Schulze\" width=\"350\" height=\"525\" srcset=\"https:\/\/schwebach.de\/wp-content\/uploads\/2016\/04\/tp_Schulze_Joerg.jpg 350w, https:\/\/schwebach.de\/wp-content\/uploads\/2016\/04\/tp_Schulze_Joerg-200x300.jpg 200w\" sizes=\"auto, (max-width: 350px) 100vw, 350px\" \/><figcaption id=\"caption-attachment-299\" class=\"wp-caption-text\">J\u00f6rg Schulze<\/figcaption><\/figure><\/div>\n<\/div>\n<\/div><\/div><\/div><\/div><\/div>","protected":false},"excerpt":{"rendered":"<p>J\u00f6rg Schulze (Schnulli) Position: Malergeselle T\u00e4tigkeitsschwerpunkte: Ger\u00fcstbau Bodenlegen Fassaden J\u00f6rgs erster Arbeitstag bei Schwebach waren Arbeiten in einem Ferienpark Sein bisher sch\u00f6nstes Projekt war: Ferienhausanlage an der unteren Saar HobbysSchallplatten sammelnKarl-May Festspiele Pluwig<\/p>\n","protected":false},"author":1,"featured_media":298,"parent":12,"menu_order":0,"comment_status":"closed","ping_status":"closed","template":"","meta":{"footnotes":""},"class_list":["post-297","page","type-page","status-publish","has-post-thumbnail","hentry"],"yoast_head":"<!-- This site is optimized with the Yoast SEO plugin v27.3 - https:\/\/yoast.com\/product\/yoast-seo-wordpress\/ -->\n<title>J\u00f6rg Schulze im Team der Schwebach Maler &amp; Lackierer GmbH aus Irsch<\/title>\n<meta name=\"description\" content=\"Malergeselle J\u00f6rg Schulze ist f\u00fcr viele Mitarbeiter und Kunden ein vollkommen Unbekannter - weil er \u00fcberall nur als Schnulli bekannt ist.\" \/>\n<meta name=\"robots\" content=\"index, follow, max-snippet:-1, max-image-preview:large, max-video-preview:-1\" \/>\n<link rel=\"canonical\" href=\"https:\/\/schwebach.de\/?page_id=297\" \/>\n<meta property=\"og:locale\" content=\"de_DE\" \/>\n<meta property=\"og:type\" content=\"article\" \/>\n<meta property=\"og:title\" content=\"J\u00f6rg Schulze im Team der Schwebach Maler &amp; Lackierer GmbH aus Irsch\" \/>\n<meta property=\"og:description\" content=\"Malergeselle J\u00f6rg Schulze ist f\u00fcr viele Mitarbeiter und Kunden ein vollkommen Unbekannter - weil er \u00fcberall nur als Schnulli bekannt ist.\" \/>\n<meta property=\"og:url\" content=\"https:\/\/schwebach.de\/?page_id=297\" \/>\n<meta property=\"og:site_name\" content=\"SCHWEBACH Maler &amp; Lackierer\" \/>\n<meta property=\"article:publisher\" content=\"https:\/\/www.facebook.com\/schwebach.wohlfuehlmaler\" \/>\n<meta property=\"article:modified_time\" content=\"2023-09-08T13:24:24+00:00\" \/>\n<meta property=\"og:image\" content=\"https:\/\/schwebach.de\/wp-content\/uploads\/2016\/04\/t_Schulze_Joerg.jpg\" \/>\n\t<meta property=\"og:image:width\" content=\"350\" \/>\n\t<meta property=\"og:image:height\" content=\"525\" \/>\n\t<meta property=\"og:image:type\" content=\"image\/jpeg\" \/>\n<meta name=\"twitter:card\" content=\"summary_large_image\" \/>\n<script type=\"application\/ld+json\" class=\"yoast-schema-graph\">{\"@context\":\"https:\\\/\\\/schema.org\",\"@graph\":[{\"@type\":\"WebPage\",\"@id\":\"https:\\\/\\\/schwebach.de\\\/?page_id=297\",\"url\":\"https:\\\/\\\/schwebach.de\\\/?page_id=297\",\"name\":\"J\u00f6rg Schulze im Team der Schwebach Maler & Lackierer GmbH aus Irsch\",\"isPartOf\":{\"@id\":\"https:\\\/\\\/schwebach.de\\\/#website\"},\"primaryImageOfPage\":{\"@id\":\"https:\\\/\\\/schwebach.de\\\/?page_id=297#primaryimage\"},\"image\":{\"@id\":\"https:\\\/\\\/schwebach.de\\\/?page_id=297#primaryimage\"},\"thumbnailUrl\":\"https:\\\/\\\/schwebach.de\\\/wp-content\\\/uploads\\\/2016\\\/04\\\/t_Schulze_Joerg.jpg\",\"datePublished\":\"2016-04-29T14:34:52+00:00\",\"dateModified\":\"2023-09-08T13:24:24+00:00\",\"description\":\"Malergeselle J\u00f6rg Schulze ist f\u00fcr viele Mitarbeiter und Kunden ein vollkommen Unbekannter - weil er \u00fcberall nur als Schnulli bekannt ist.\",\"breadcrumb\":{\"@id\":\"https:\\\/\\\/schwebach.de\\\/?page_id=297#breadcrumb\"},\"inLanguage\":\"de\",\"potentialAction\":[{\"@type\":\"ReadAction\",\"target\":[\"https:\\\/\\\/schwebach.de\\\/?page_id=297\"]}]},{\"@type\":\"ImageObject\",\"inLanguage\":\"de\",\"@id\":\"https:\\\/\\\/schwebach.de\\\/?page_id=297#primaryimage\",\"url\":\"https:\\\/\\\/schwebach.de\\\/wp-content\\\/uploads\\\/2016\\\/04\\\/t_Schulze_Joerg.jpg\",\"contentUrl\":\"https:\\\/\\\/schwebach.de\\\/wp-content\\\/uploads\\\/2016\\\/04\\\/t_Schulze_Joerg.jpg\",\"width\":350,\"height\":525,\"caption\":\"J\u00f6rg Schulze\"},{\"@type\":\"BreadcrumbList\",\"@id\":\"https:\\\/\\\/schwebach.de\\\/?page_id=297#breadcrumb\",\"itemListElement\":[{\"@type\":\"ListItem\",\"position\":1,\"name\":\"Startseite\",\"item\":\"https:\\\/\\\/schwebach.de\\\/\"},{\"@type\":\"ListItem\",\"position\":2,\"name\":\"Unser Team\",\"item\":\"https:\\\/\\\/schwebach.de\\\/?page_id=12\"},{\"@type\":\"ListItem\",\"position\":3,\"name\":\"J\u00f6rg Schulze\"}]},{\"@type\":\"WebSite\",\"@id\":\"https:\\\/\\\/schwebach.de\\\/#website\",\"url\":\"https:\\\/\\\/schwebach.de\\\/\",\"name\":\"SCHWEBACH Maler &amp; Lackierer\",\"description\":\"Ihr Wohlf\u00fchlmaler aus Irsch\\\/Saar\",\"publisher\":{\"@id\":\"https:\\\/\\\/schwebach.de\\\/#organization\"},\"potentialAction\":[{\"@type\":\"SearchAction\",\"target\":{\"@type\":\"EntryPoint\",\"urlTemplate\":\"https:\\\/\\\/schwebach.de\\\/?s={search_term_string}\"},\"query-input\":{\"@type\":\"PropertyValueSpecification\",\"valueRequired\":true,\"valueName\":\"search_term_string\"}}],\"inLanguage\":\"de\"},{\"@type\":\"Organization\",\"@id\":\"https:\\\/\\\/schwebach.de\\\/#organization\",\"name\":\"Schwebach Maler & Lackierer GmbH\",\"url\":\"https:\\\/\\\/schwebach.de\\\/\",\"logo\":{\"@type\":\"ImageObject\",\"inLanguage\":\"de\",\"@id\":\"https:\\\/\\\/schwebach.de\\\/#\\\/schema\\\/logo\\\/image\\\/\",\"url\":\"https:\\\/\\\/schwebach.de\\\/wp-content\\\/uploads\\\/2016\\\/04\\\/butterfly.png\",\"contentUrl\":\"https:\\\/\\\/schwebach.de\\\/wp-content\\\/uploads\\\/2016\\\/04\\\/butterfly.png\",\"width\":463,\"height\":310,\"caption\":\"Schwebach Maler & Lackierer GmbH\"},\"image\":{\"@id\":\"https:\\\/\\\/schwebach.de\\\/#\\\/schema\\\/logo\\\/image\\\/\"},\"sameAs\":[\"https:\\\/\\\/www.facebook.com\\\/schwebach.wohlfuehlmaler\",\"https:\\\/\\\/www.youtube.com\\\/user\\\/Wohlfuehlmaler\"]}]}<\/script>\n<!-- \/ Yoast SEO plugin. -->","yoast_head_json":{"title":"J\u00f6rg Schulze im Team der Schwebach Maler & Lackierer GmbH aus Irsch","description":"Malergeselle J\u00f6rg Schulze ist f\u00fcr viele Mitarbeiter und Kunden ein vollkommen Unbekannter - weil er \u00fcberall nur als Schnulli bekannt ist.","robots":{"index":"index","follow":"follow","max-snippet":"max-snippet:-1","max-image-preview":"max-image-preview:large","max-video-preview":"max-video-preview:-1"},"canonical":"https:\/\/schwebach.de\/?page_id=297","og_locale":"de_DE","og_type":"article","og_title":"J\u00f6rg Schulze im Team der Schwebach Maler & Lackierer GmbH aus Irsch","og_description":"Malergeselle J\u00f6rg Schulze ist f\u00fcr viele Mitarbeiter und Kunden ein vollkommen Unbekannter - weil er \u00fcberall nur als Schnulli bekannt ist.","og_url":"https:\/\/schwebach.de\/?page_id=297","og_site_name":"SCHWEBACH Maler &amp; Lackierer","article_publisher":"https:\/\/www.facebook.com\/schwebach.wohlfuehlmaler","article_modified_time":"2023-09-08T13:24:24+00:00","og_image":[{"width":350,"height":525,"url":"https:\/\/schwebach.de\/wp-content\/uploads\/2016\/04\/t_Schulze_Joerg.jpg","type":"image\/jpeg"}],"twitter_card":"summary_large_image","schema":{"@context":"https:\/\/schema.org","@graph":[{"@type":"WebPage","@id":"https:\/\/schwebach.de\/?page_id=297","url":"https:\/\/schwebach.de\/?page_id=297","name":"J\u00f6rg Schulze im Team der Schwebach Maler & Lackierer GmbH aus Irsch","isPartOf":{"@id":"https:\/\/schwebach.de\/#website"},"primaryImageOfPage":{"@id":"https:\/\/schwebach.de\/?page_id=297#primaryimage"},"image":{"@id":"https:\/\/schwebach.de\/?page_id=297#primaryimage"},"thumbnailUrl":"https:\/\/schwebach.de\/wp-content\/uploads\/2016\/04\/t_Schulze_Joerg.jpg","datePublished":"2016-04-29T14:34:52+00:00","dateModified":"2023-09-08T13:24:24+00:00","description":"Malergeselle J\u00f6rg Schulze ist f\u00fcr viele Mitarbeiter und Kunden ein vollkommen Unbekannter - weil er \u00fcberall nur als Schnulli bekannt ist.","breadcrumb":{"@id":"https:\/\/schwebach.de\/?page_id=297#breadcrumb"},"inLanguage":"de","potentialAction":[{"@type":"ReadAction","target":["https:\/\/schwebach.de\/?page_id=297"]}]},{"@type":"ImageObject","inLanguage":"de","@id":"https:\/\/schwebach.de\/?page_id=297#primaryimage","url":"https:\/\/schwebach.de\/wp-content\/uploads\/2016\/04\/t_Schulze_Joerg.jpg","contentUrl":"https:\/\/schwebach.de\/wp-content\/uploads\/2016\/04\/t_Schulze_Joerg.jpg","width":350,"height":525,"caption":"J\u00f6rg Schulze"},{"@type":"BreadcrumbList","@id":"https:\/\/schwebach.de\/?page_id=297#breadcrumb","itemListElement":[{"@type":"ListItem","position":1,"name":"Startseite","item":"https:\/\/schwebach.de\/"},{"@type":"ListItem","position":2,"name":"Unser Team","item":"https:\/\/schwebach.de\/?page_id=12"},{"@type":"ListItem","position":3,"name":"J\u00f6rg Schulze"}]},{"@type":"WebSite","@id":"https:\/\/schwebach.de\/#website","url":"https:\/\/schwebach.de\/","name":"SCHWEBACH Maler &amp; Lackierer","description":"Ihr Wohlf\u00fchlmaler aus Irsch\/Saar","publisher":{"@id":"https:\/\/schwebach.de\/#organization"},"potentialAction":[{"@type":"SearchAction","target":{"@type":"EntryPoint","urlTemplate":"https:\/\/schwebach.de\/?s={search_term_string}"},"query-input":{"@type":"PropertyValueSpecification","valueRequired":true,"valueName":"search_term_string"}}],"inLanguage":"de"},{"@type":"Organization","@id":"https:\/\/schwebach.de\/#organization","name":"Schwebach Maler & Lackierer GmbH","url":"https:\/\/schwebach.de\/","logo":{"@type":"ImageObject","inLanguage":"de","@id":"https:\/\/schwebach.de\/#\/schema\/logo\/image\/","url":"https:\/\/schwebach.de\/wp-content\/uploads\/2016\/04\/butterfly.png","contentUrl":"https:\/\/schwebach.de\/wp-content\/uploads\/2016\/04\/butterfly.png","width":463,"height":310,"caption":"Schwebach Maler & Lackierer GmbH"},"image":{"@id":"https:\/\/schwebach.de\/#\/schema\/logo\/image\/"},"sameAs":["https:\/\/www.facebook.com\/schwebach.wohlfuehlmaler","https:\/\/www.youtube.com\/user\/Wohlfuehlmaler"]}]}},"_links":{"self":[{"href":"https:\/\/schwebach.de\/index.php?rest_route=\/wp\/v2\/pages\/297","targetHints":{"allow":["GET"]}}],"collection":[{"href":"https:\/\/schwebach.de\/index.php?rest_route=\/wp\/v2\/pages"}],"about":[{"href":"https:\/\/schwebach.de\/index.php?rest_route=\/wp\/v2\/types\/page"}],"author":[{"embeddable":true,"href":"https:\/\/schwebach.de\/index.php?rest_route=\/wp\/v2\/users\/1"}],"replies":[{"embeddable":true,"href":"https:\/\/schwebach.de\/index.php?rest_route=%2Fwp%2Fv2%2Fcomments&post=297"}],"version-history":[{"count":5,"href":"https:\/\/schwebach.de\/index.php?rest_route=\/wp\/v2\/pages\/297\/revisions"}],"predecessor-version":[{"id":3657,"href":"https:\/\/schwebach.de\/index.php?rest_route=\/wp\/v2\/pages\/297\/revisions\/3657"}],"up":[{"embeddable":true,"href":"https:\/\/schwebach.de\/index.php?rest_route=\/wp\/v2\/pages\/12"}],"wp:featuredmedia":[{"embeddable":true,"href":"https:\/\/schwebach.de\/index.php?rest_route=\/wp\/v2\/media\/298"}],"wp:attachment":[{"href":"https:\/\/schwebach.de\/index.php?rest_route=%2Fwp%2Fv2%2Fmedia&parent=297"}],"curies":[{"name":"wp","href":"https:\/\/api.w.org\/{rel}","templated":true}]}}