{"id":1640,"date":"2017-10-24T18:18:21","date_gmt":"2017-10-24T18:18:21","guid":{"rendered":"http:\/\/schwebach.de\/?page_id=1640"},"modified":"2019-11-19T13:24:44","modified_gmt":"2019-11-19T11:24:44","slug":"seite-fuer-werbepartner","status":"publish","type":"page","link":"https:\/\/schwebach.de\/?page_id=1640","title":{"rendered":"Seite f\u00fcr Werbepartner"},"content":{"rendered":"<div id=\"pl-1640\"  class=\"panel-layout\" ><div id=\"pg-1640-0\"  class=\"panel-grid panel-no-style\" ><div id=\"pgc-1640-0-0\"  class=\"panel-grid-cell\" ><div id=\"panel-1640-0-0-0\" class=\"so-panel widget widget_sow-editor panel-first-child panel-last-child\" data-index=\"0\" ><div\n\t\t\t\n\t\t\tclass=\"so-widget-sow-editor so-widget-sow-editor-base\"\n\t\t\t\n\t\t>\n<div class=\"siteorigin-widget-tinymce textwidget\">\n\t<h2>Werbevorlagen<\/h2>\n<p>Gerne unterst\u00fctzen wir Vereine, Organisation und Veranstaltungen, von denen auch wir \u00fcberzeugt sind. Damit Werbetreibende eine kleine Hilfestellung erfahren, haben wir hier einige Grunds\u00e4tze f\u00fcr unser Corporate Design aufgestellt.<\/p>\n<\/div>\n<\/div><\/div><\/div><\/div><div id=\"pg-1640-1\"  class=\"panel-grid panel-no-style\" ><div id=\"pgc-1640-1-0\"  class=\"panel-grid-cell\" ><div id=\"panel-1640-1-0-0\" class=\"so-panel widget widget_sow-editor panel-first-child panel-last-child\" data-index=\"1\" ><div\n\t\t\t\n\t\t\tclass=\"so-widget-sow-editor so-widget-sow-editor-base\"\n\t\t\t\n\t\t>\n<div class=\"siteorigin-widget-tinymce textwidget\">\n\t<p><img loading=\"lazy\" decoding=\"async\" class=\"alignnone wp-image-1749 size-large\" src=\"https:\/\/schwebach.de\/wp-content\/uploads\/2017\/10\/Anzeige_Allge_90x60mm_w-1024x683.jpg\" alt=\"Anzeige allgemein\" width=\"750\" height=\"500\" srcset=\"https:\/\/schwebach.de\/wp-content\/uploads\/2017\/10\/Anzeige_Allge_90x60mm_w-1024x683.jpg 1024w, https:\/\/schwebach.de\/wp-content\/uploads\/2017\/10\/Anzeige_Allge_90x60mm_w-300x200.jpg 300w, https:\/\/schwebach.de\/wp-content\/uploads\/2017\/10\/Anzeige_Allge_90x60mm_w-768x512.jpg 768w, https:\/\/schwebach.de\/wp-content\/uploads\/2017\/10\/Anzeige_Allge_90x60mm_w-272x182.jpg 272w, https:\/\/schwebach.de\/wp-content\/uploads\/2017\/10\/Anzeige_Allge_90x60mm_w.jpg 1063w\" sizes=\"auto, (max-width: 750px) 100vw, 750px\" \/><\/p>\n<p>Allgemeine Anzeige im Farbmodus CMYK im Seitenverh\u00e4ltnis\u00a090x60mm. Alle Schriften in Pfade konvertiert<\/p>\n<\/div>\n<\/div><\/div><\/div><div id=\"pgc-1640-1-1\"  class=\"panel-grid-cell\" ><div id=\"panel-1640-1-1-0\" class=\"so-panel widget widget_sow-cta panel-first-child panel-last-child\" data-index=\"2\" ><div\n\t\t\t\n\t\t\tclass=\"so-widget-sow-cta so-widget-sow-cta-default-7d97b2d0492a-1640\"\n\t\t\t\n\t\t><div\n\tclass=\"sow-cta-base\"\n\t>\n\t\n\t<div class=\"sow-cta-wrapper\">\n\n\t\t<div class=\"sow-cta-text\">\n\t\t\t\t\t\t\t<h4 class=\"sow-cta-title\">\n\t\t\t\t\tSchwebach Anzeige (allgemein)\t\t\t\t<\/h4>\n\t\t\t\n\t\t\t\t\t\t\t<h4 class=\"sow-cta-subtitle\">\n\t\t\t\t\tInhalt: Zip-Datei mit Bild JPG, PDF und EPS Format (2,4 MB)\t\t\t\t<\/h4>\n\t\t\t\t\t<\/div>\n\n\t\t<div\n\t\t\t\n\t\t\tclass=\"so-widget-sow-button so-widget-sow-button-flat-c675bc57ea8e\"\n\t\t\t\n\t\t><div class=\"ow-button-base ow-button-align-center\"\n>\n\t\t\t<a\n\t\t\t\t\thref=\"https:\/\/schwebach.de\/wp-content\/uploads\/2017\/10\/Anzeige_allgemein.zip\"\n\t\t\t\t\tclass=\"sowb-button ow-icon-placement-left ow-button-hover\" \t>\n\t\t<span>\n\t\t\t\n\t\t\tDownload\t\t<\/span>\n\t\t\t<\/a>\n\t<\/div>\n<\/div>\n\t<\/div>\n\n\t<\/div>\n<\/div><\/div><\/div><\/div><div id=\"pg-1640-2\"  class=\"panel-grid panel-no-style\" ><div id=\"pgc-1640-2-0\"  class=\"panel-grid-cell\" ><div id=\"panel-1640-2-0-0\" class=\"so-panel widget widget_sow-editor panel-first-child panel-last-child\" data-index=\"3\" ><div\n\t\t\t\n\t\t\tclass=\"so-widget-sow-editor so-widget-sow-editor-base\"\n\t\t\t\n\t\t>\n<div class=\"siteorigin-widget-tinymce textwidget\">\n\t<p><img loading=\"lazy\" decoding=\"async\" class=\"alignnone wp-image-1754 size-large\" src=\"https:\/\/schwebach.de\/wp-content\/uploads\/2017\/10\/Anzeige_Fassadenmodernisier-1024x683.jpg\" alt=\"Anzeige Fassadenmodernisierung\" width=\"750\" height=\"500\" srcset=\"https:\/\/schwebach.de\/wp-content\/uploads\/2017\/10\/Anzeige_Fassadenmodernisier-1024x683.jpg 1024w, https:\/\/schwebach.de\/wp-content\/uploads\/2017\/10\/Anzeige_Fassadenmodernisier-300x200.jpg 300w, https:\/\/schwebach.de\/wp-content\/uploads\/2017\/10\/Anzeige_Fassadenmodernisier-768x512.jpg 768w, https:\/\/schwebach.de\/wp-content\/uploads\/2017\/10\/Anzeige_Fassadenmodernisier-272x182.jpg 272w, https:\/\/schwebach.de\/wp-content\/uploads\/2017\/10\/Anzeige_Fassadenmodernisier.jpg 1063w\" sizes=\"auto, (max-width: 750px) 100vw, 750px\" \/><\/p>\n<p>Anzeige \"Fassadenmodernisierung\" im Farbmodus CMYK im Seitenverh\u00e4ltnis\u00a090x60mm. Alle Schriften in Pfade konvertiert<\/p>\n<\/div>\n<\/div><\/div><\/div><div id=\"pgc-1640-2-1\"  class=\"panel-grid-cell\" ><div id=\"panel-1640-2-1-0\" class=\"so-panel widget widget_sow-cta panel-first-child panel-last-child\" data-index=\"4\" ><div\n\t\t\t\n\t\t\tclass=\"so-widget-sow-cta so-widget-sow-cta-default-7d97b2d0492a-1640\"\n\t\t\t\n\t\t><div\n\tclass=\"sow-cta-base\"\n\t>\n\t\n\t<div class=\"sow-cta-wrapper\">\n\n\t\t<div class=\"sow-cta-text\">\n\t\t\t\t\t\t\t<h4 class=\"sow-cta-title\">\n\t\t\t\t\tSchwebach Anzeige (Fassadenmodernisierung)\t\t\t\t<\/h4>\n\t\t\t\n\t\t\t\t\t\t\t<h4 class=\"sow-cta-subtitle\">\n\t\t\t\t\tInhalt: Zip-Datei mit Bild JPG, PDF und EPS Format (2,4 MB)\t\t\t\t<\/h4>\n\t\t\t\t\t<\/div>\n\n\t\t<div\n\t\t\t\n\t\t\tclass=\"so-widget-sow-button so-widget-sow-button-flat-c675bc57ea8e\"\n\t\t\t\n\t\t><div class=\"ow-button-base ow-button-align-center\"\n>\n\t\t\t<a\n\t\t\t\t\thref=\"https:\/\/schwebach.de\/wp-content\/uploads\/2017\/10\/Anzeige_Fassade.zip\"\n\t\t\t\t\tclass=\"sowb-button ow-icon-placement-left ow-button-hover\" \t>\n\t\t<span>\n\t\t\t\n\t\t\tDownload\t\t<\/span>\n\t\t\t<\/a>\n\t<\/div>\n<\/div>\n\t<\/div>\n\n\t<\/div>\n<\/div><\/div><\/div><\/div><div id=\"pg-1640-3\"  class=\"panel-grid panel-no-style\" ><div id=\"pgc-1640-3-0\"  class=\"panel-grid-cell\" ><div id=\"panel-1640-3-0-0\" class=\"so-panel widget widget_sow-editor panel-first-child panel-last-child\" data-index=\"5\" ><div\n\t\t\t\n\t\t\tclass=\"so-widget-sow-editor so-widget-sow-editor-base\"\n\t\t\t\n\t\t>\n<div class=\"siteorigin-widget-tinymce textwidget\">\n\t<p><img loading=\"lazy\" decoding=\"async\" class=\"alignnone wp-image-1758 size-large\" src=\"https:\/\/schwebach.de\/wp-content\/uploads\/2017\/10\/Anzeige_Innen_Aussen-1024x683.jpg\" alt=\"Anzeige Innen und Aussen\" width=\"750\" height=\"500\" srcset=\"https:\/\/schwebach.de\/wp-content\/uploads\/2017\/10\/Anzeige_Innen_Aussen-1024x683.jpg 1024w, https:\/\/schwebach.de\/wp-content\/uploads\/2017\/10\/Anzeige_Innen_Aussen-300x200.jpg 300w, https:\/\/schwebach.de\/wp-content\/uploads\/2017\/10\/Anzeige_Innen_Aussen-768x512.jpg 768w, https:\/\/schwebach.de\/wp-content\/uploads\/2017\/10\/Anzeige_Innen_Aussen-272x182.jpg 272w, https:\/\/schwebach.de\/wp-content\/uploads\/2017\/10\/Anzeige_Innen_Aussen.jpg 1063w\" sizes=\"auto, (max-width: 750px) 100vw, 750px\" \/><\/p>\n<p>Anzeige \"F\u00fcr Innen und Aussen\" im Farbmodus CMYK im Seitenverh\u00e4ltnis\u00a090x60mm. Alle Schriften in Pfade konvertiert<\/p>\n<\/div>\n<\/div><\/div><\/div><div id=\"pgc-1640-3-1\"  class=\"panel-grid-cell\" ><div id=\"panel-1640-3-1-0\" class=\"so-panel widget widget_sow-cta panel-first-child panel-last-child\" data-index=\"6\" ><div\n\t\t\t\n\t\t\tclass=\"so-widget-sow-cta so-widget-sow-cta-default-7d97b2d0492a-1640\"\n\t\t\t\n\t\t><div\n\tclass=\"sow-cta-base\"\n\t>\n\t\n\t<div class=\"sow-cta-wrapper\">\n\n\t\t<div class=\"sow-cta-text\">\n\t\t\t\t\t\t\t<h4 class=\"sow-cta-title\">\n\t\t\t\t\tSchwebach Anzeige (F\u00fcr Innen und Aussen)\t\t\t\t<\/h4>\n\t\t\t\n\t\t\t\t\t\t\t<h4 class=\"sow-cta-subtitle\">\n\t\t\t\t\tInhalt: Zip-Datei mit Bild JPG, PDF und EPS Format (2,4 MB)\t\t\t\t<\/h4>\n\t\t\t\t\t<\/div>\n\n\t\t<div\n\t\t\t\n\t\t\tclass=\"so-widget-sow-button so-widget-sow-button-flat-c675bc57ea8e\"\n\t\t\t\n\t\t><div class=\"ow-button-base ow-button-align-center\"\n>\n\t\t\t<a\n\t\t\t\t\thref=\"https:\/\/schwebach.de\/wp-content\/uploads\/2017\/10\/Anzeige_innen_u_aussen.zip\"\n\t\t\t\t\tclass=\"sowb-button ow-icon-placement-left ow-button-hover\" \t>\n\t\t<span>\n\t\t\t\n\t\t\tDownload\t\t<\/span>\n\t\t\t<\/a>\n\t<\/div>\n<\/div>\n\t<\/div>\n\n\t<\/div>\n<\/div><\/div><\/div><\/div><div id=\"pg-1640-4\"  class=\"panel-grid panel-no-style\" ><div id=\"pgc-1640-4-0\"  class=\"panel-grid-cell\" ><div id=\"panel-1640-4-0-0\" class=\"so-panel widget widget_sow-editor panel-first-child panel-last-child\" data-index=\"7\" ><div\n\t\t\t\n\t\t\tclass=\"so-widget-sow-editor so-widget-sow-editor-base\"\n\t\t\t\n\t\t>\n<div class=\"siteorigin-widget-tinymce textwidget\">\n\t<p>Kleinanzeige f\u00fcr Zeitung und Vereinshomepage.<\/p>\n<p><img loading=\"lazy\" decoding=\"async\" class=\"alignnone size-medium wp-image-1938\" src=\"https:\/\/schwebach.de\/wp-content\/uploads\/2017\/10\/banner-300x122.png\" alt=\"Kleinanzeige f\u00fcr Zeitungen\" width=\"300\" height=\"122\" srcset=\"https:\/\/schwebach.de\/wp-content\/uploads\/2017\/10\/banner-300x122.png 300w, https:\/\/schwebach.de\/wp-content\/uploads\/2017\/10\/banner.png 579w\" sizes=\"auto, (max-width: 300px) 100vw, 300px\" \/><\/p>\n<p>\u00a0<\/p>\n<\/div>\n<\/div><\/div><\/div><div id=\"pgc-1640-4-1\"  class=\"panel-grid-cell\" ><div id=\"panel-1640-4-1-0\" class=\"so-panel widget widget_sow-cta panel-first-child panel-last-child\" data-index=\"8\" ><div\n\t\t\t\n\t\t\tclass=\"so-widget-sow-cta so-widget-sow-cta-default-a5f71e01b1c6-1640\"\n\t\t\t\n\t\t><div\n\tclass=\"sow-cta-base\"\n\t>\n\t\n\t<div class=\"sow-cta-wrapper\">\n\n\t\t<div class=\"sow-cta-text\">\n\t\t\t\t\t\t\t<h4 class=\"sow-cta-title\">\n\t\t\t\t\tBannerkleinanzeige\t\t\t\t<\/h4>\n\t\t\t\n\t\t\t\t\t\t\t<h4 class=\"sow-cta-subtitle\">\n\t\t\t\t\tInhalt: PFD-Format\t\t\t\t<\/h4>\n\t\t\t\t\t<\/div>\n\n\t\t<div\n\t\t\t\n\t\t\tclass=\"so-widget-sow-button so-widget-sow-button-flat-c675bc57ea8e\"\n\t\t\t\n\t\t><div class=\"ow-button-base ow-button-align-center\"\n>\n\t\t\t<a\n\t\t\t\t\thref=\"https:\/\/schwebach.de\/wp-content\/uploads\/2019\/11\/schwebach_banner.pdf\"\n\t\t\t\t\tclass=\"sowb-button ow-icon-placement-left ow-button-hover\" \t>\n\t\t<span>\n\t\t\t\n\t\t\tDownload\t\t<\/span>\n\t\t\t<\/a>\n\t<\/div>\n<\/div>\n\t<\/div>\n\n\t<\/div>\n<\/div><\/div><\/div><\/div><\/div>","protected":false},"excerpt":{"rendered":"<p>Werbevorlagen Gerne unterst\u00fctzen wir Vereine, Organisation und Veranstaltungen, von denen auch wir \u00fcberzeugt sind. Damit Werbetreibende eine kleine Hilfestellung erfahren, haben wir hier einige Grunds\u00e4tze f\u00fcr unser Corporate Design aufgestellt. Allgemeine Anzeige im Farbmodus CMYK im Seitenverh\u00e4ltnis\u00a090x60mm. Alle Schriften in<\/p>\n","protected":false},"author":1,"featured_media":1758,"parent":0,"menu_order":0,"comment_status":"closed","ping_status":"closed","template":"","meta":{"footnotes":""},"class_list":["post-1640","page","type-page","status-publish","has-post-thumbnail","hentry"],"yoast_head":"<!-- This site is optimized with the Yoast SEO plugin v27.4 - https:\/\/yoast.com\/product\/yoast-seo-wordpress\/ -->\n<title>Werbevorlagen f\u00fcr Werbepartner - Schwebach Maler &amp; Lackierer GmbH<\/title>\n<meta name=\"description\" content=\"Hier finden Sie einige Werbevorlagen f\u00fcr Anzeigen in Zeitungen und Zeitschriften, oder zur Integration auf ihrer Homepage zum kostenlosen Download.\" \/>\n<meta name=\"robots\" content=\"index, follow, max-snippet:-1, max-image-preview:large, max-video-preview:-1\" \/>\n<link rel=\"canonical\" href=\"https:\/\/schwebach.de\/?page_id=1640\" \/>\n<meta property=\"og:locale\" content=\"de_DE\" \/>\n<meta property=\"og:type\" content=\"article\" \/>\n<meta property=\"og:title\" content=\"Werbevorlagen f\u00fcr Werbepartner - Schwebach Maler &amp; Lackierer GmbH\" \/>\n<meta property=\"og:description\" content=\"Hier finden Sie einige Werbevorlagen f\u00fcr Anzeigen in Zeitungen und Zeitschriften, oder zur Integration auf ihrer Homepage zum kostenlosen Download.\" \/>\n<meta property=\"og:url\" content=\"https:\/\/schwebach.de\/?page_id=1640\" \/>\n<meta property=\"og:site_name\" content=\"SCHWEBACH Maler &amp; Lackierer\" \/>\n<meta property=\"article:publisher\" content=\"https:\/\/www.facebook.com\/schwebach.wohlfuehlmaler\" \/>\n<meta property=\"article:modified_time\" content=\"2019-11-19T11:24:44+00:00\" \/>\n<meta property=\"og:image\" content=\"https:\/\/schwebach.de\/wp-content\/uploads\/2017\/10\/Anzeige_Innen_Aussen.jpg\" \/>\n\t<meta property=\"og:image:width\" content=\"1063\" \/>\n\t<meta property=\"og:image:height\" content=\"709\" \/>\n\t<meta property=\"og:image:type\" content=\"image\/jpeg\" \/>\n<meta name=\"twitter:card\" content=\"summary_large_image\" \/>\n<meta name=\"twitter:label1\" content=\"Gesch\u00e4tzte Lesezeit\" \/>\n\t<meta name=\"twitter:data1\" content=\"1\u00a0Minute\" \/>\n<script type=\"application\/ld+json\" class=\"yoast-schema-graph\">{\"@context\":\"https:\\\/\\\/schema.org\",\"@graph\":[{\"@type\":\"WebPage\",\"@id\":\"https:\\\/\\\/schwebach.de\\\/?page_id=1640\",\"url\":\"https:\\\/\\\/schwebach.de\\\/?page_id=1640\",\"name\":\"Werbevorlagen f\u00fcr Werbepartner - Schwebach Maler & Lackierer GmbH\",\"isPartOf\":{\"@id\":\"https:\\\/\\\/schwebach.de\\\/#website\"},\"primaryImageOfPage\":{\"@id\":\"https:\\\/\\\/schwebach.de\\\/?page_id=1640#primaryimage\"},\"image\":{\"@id\":\"https:\\\/\\\/schwebach.de\\\/?page_id=1640#primaryimage\"},\"thumbnailUrl\":\"https:\\\/\\\/schwebach.de\\\/wp-content\\\/uploads\\\/2017\\\/10\\\/Anzeige_Innen_Aussen.jpg\",\"datePublished\":\"2017-10-24T18:18:21+00:00\",\"dateModified\":\"2019-11-19T11:24:44+00:00\",\"description\":\"Hier finden Sie einige Werbevorlagen f\u00fcr Anzeigen in Zeitungen und Zeitschriften, oder zur Integration auf ihrer Homepage zum kostenlosen Download.\",\"breadcrumb\":{\"@id\":\"https:\\\/\\\/schwebach.de\\\/?page_id=1640#breadcrumb\"},\"inLanguage\":\"de\",\"potentialAction\":[{\"@type\":\"ReadAction\",\"target\":[\"https:\\\/\\\/schwebach.de\\\/?page_id=1640\"]}]},{\"@type\":\"ImageObject\",\"inLanguage\":\"de\",\"@id\":\"https:\\\/\\\/schwebach.de\\\/?page_id=1640#primaryimage\",\"url\":\"https:\\\/\\\/schwebach.de\\\/wp-content\\\/uploads\\\/2017\\\/10\\\/Anzeige_Innen_Aussen.jpg\",\"contentUrl\":\"https:\\\/\\\/schwebach.de\\\/wp-content\\\/uploads\\\/2017\\\/10\\\/Anzeige_Innen_Aussen.jpg\",\"width\":1063,\"height\":709,\"caption\":\"Werbevorlagen\"},{\"@type\":\"BreadcrumbList\",\"@id\":\"https:\\\/\\\/schwebach.de\\\/?page_id=1640#breadcrumb\",\"itemListElement\":[{\"@type\":\"ListItem\",\"position\":1,\"name\":\"Startseite\",\"item\":\"https:\\\/\\\/schwebach.de\\\/\"},{\"@type\":\"ListItem\",\"position\":2,\"name\":\"Seite f\u00fcr Werbepartner\"}]},{\"@type\":\"WebSite\",\"@id\":\"https:\\\/\\\/schwebach.de\\\/#website\",\"url\":\"https:\\\/\\\/schwebach.de\\\/\",\"name\":\"SCHWEBACH Maler &amp; Lackierer\",\"description\":\"Ihr Wohlf\u00fchlmaler aus Irsch\\\/Saar\",\"publisher\":{\"@id\":\"https:\\\/\\\/schwebach.de\\\/#organization\"},\"potentialAction\":[{\"@type\":\"SearchAction\",\"target\":{\"@type\":\"EntryPoint\",\"urlTemplate\":\"https:\\\/\\\/schwebach.de\\\/?s={search_term_string}\"},\"query-input\":{\"@type\":\"PropertyValueSpecification\",\"valueRequired\":true,\"valueName\":\"search_term_string\"}}],\"inLanguage\":\"de\"},{\"@type\":\"Organization\",\"@id\":\"https:\\\/\\\/schwebach.de\\\/#organization\",\"name\":\"Schwebach Maler & Lackierer GmbH\",\"url\":\"https:\\\/\\\/schwebach.de\\\/\",\"logo\":{\"@type\":\"ImageObject\",\"inLanguage\":\"de\",\"@id\":\"https:\\\/\\\/schwebach.de\\\/#\\\/schema\\\/logo\\\/image\\\/\",\"url\":\"https:\\\/\\\/schwebach.de\\\/wp-content\\\/uploads\\\/2016\\\/04\\\/butterfly.png\",\"contentUrl\":\"https:\\\/\\\/schwebach.de\\\/wp-content\\\/uploads\\\/2016\\\/04\\\/butterfly.png\",\"width\":463,\"height\":310,\"caption\":\"Schwebach Maler & Lackierer GmbH\"},\"image\":{\"@id\":\"https:\\\/\\\/schwebach.de\\\/#\\\/schema\\\/logo\\\/image\\\/\"},\"sameAs\":[\"https:\\\/\\\/www.facebook.com\\\/schwebach.wohlfuehlmaler\",\"https:\\\/\\\/www.youtube.com\\\/user\\\/Wohlfuehlmaler\"]}]}<\/script>\n<!-- \/ Yoast SEO plugin. -->","yoast_head_json":{"title":"Werbevorlagen f\u00fcr Werbepartner - Schwebach Maler & Lackierer GmbH","description":"Hier finden Sie einige Werbevorlagen f\u00fcr Anzeigen in Zeitungen und Zeitschriften, oder zur Integration auf ihrer Homepage zum kostenlosen Download.","robots":{"index":"index","follow":"follow","max-snippet":"max-snippet:-1","max-image-preview":"max-image-preview:large","max-video-preview":"max-video-preview:-1"},"canonical":"https:\/\/schwebach.de\/?page_id=1640","og_locale":"de_DE","og_type":"article","og_title":"Werbevorlagen f\u00fcr Werbepartner - Schwebach Maler & Lackierer GmbH","og_description":"Hier finden Sie einige Werbevorlagen f\u00fcr Anzeigen in Zeitungen und Zeitschriften, oder zur Integration auf ihrer Homepage zum kostenlosen Download.","og_url":"https:\/\/schwebach.de\/?page_id=1640","og_site_name":"SCHWEBACH Maler &amp; Lackierer","article_publisher":"https:\/\/www.facebook.com\/schwebach.wohlfuehlmaler","article_modified_time":"2019-11-19T11:24:44+00:00","og_image":[{"width":1063,"height":709,"url":"https:\/\/schwebach.de\/wp-content\/uploads\/2017\/10\/Anzeige_Innen_Aussen.jpg","type":"image\/jpeg"}],"twitter_card":"summary_large_image","twitter_misc":{"Gesch\u00e4tzte Lesezeit":"1\u00a0Minute"},"schema":{"@context":"https:\/\/schema.org","@graph":[{"@type":"WebPage","@id":"https:\/\/schwebach.de\/?page_id=1640","url":"https:\/\/schwebach.de\/?page_id=1640","name":"Werbevorlagen f\u00fcr Werbepartner - Schwebach Maler & Lackierer GmbH","isPartOf":{"@id":"https:\/\/schwebach.de\/#website"},"primaryImageOfPage":{"@id":"https:\/\/schwebach.de\/?page_id=1640#primaryimage"},"image":{"@id":"https:\/\/schwebach.de\/?page_id=1640#primaryimage"},"thumbnailUrl":"https:\/\/schwebach.de\/wp-content\/uploads\/2017\/10\/Anzeige_Innen_Aussen.jpg","datePublished":"2017-10-24T18:18:21+00:00","dateModified":"2019-11-19T11:24:44+00:00","description":"Hier finden Sie einige Werbevorlagen f\u00fcr Anzeigen in Zeitungen und Zeitschriften, oder zur Integration auf ihrer Homepage zum kostenlosen Download.","breadcrumb":{"@id":"https:\/\/schwebach.de\/?page_id=1640#breadcrumb"},"inLanguage":"de","potentialAction":[{"@type":"ReadAction","target":["https:\/\/schwebach.de\/?page_id=1640"]}]},{"@type":"ImageObject","inLanguage":"de","@id":"https:\/\/schwebach.de\/?page_id=1640#primaryimage","url":"https:\/\/schwebach.de\/wp-content\/uploads\/2017\/10\/Anzeige_Innen_Aussen.jpg","contentUrl":"https:\/\/schwebach.de\/wp-content\/uploads\/2017\/10\/Anzeige_Innen_Aussen.jpg","width":1063,"height":709,"caption":"Werbevorlagen"},{"@type":"BreadcrumbList","@id":"https:\/\/schwebach.de\/?page_id=1640#breadcrumb","itemListElement":[{"@type":"ListItem","position":1,"name":"Startseite","item":"https:\/\/schwebach.de\/"},{"@type":"ListItem","position":2,"name":"Seite f\u00fcr Werbepartner"}]},{"@type":"WebSite","@id":"https:\/\/schwebach.de\/#website","url":"https:\/\/schwebach.de\/","name":"SCHWEBACH Maler &amp; Lackierer","description":"Ihr Wohlf\u00fchlmaler aus Irsch\/Saar","publisher":{"@id":"https:\/\/schwebach.de\/#organization"},"potentialAction":[{"@type":"SearchAction","target":{"@type":"EntryPoint","urlTemplate":"https:\/\/schwebach.de\/?s={search_term_string}"},"query-input":{"@type":"PropertyValueSpecification","valueRequired":true,"valueName":"search_term_string"}}],"inLanguage":"de"},{"@type":"Organization","@id":"https:\/\/schwebach.de\/#organization","name":"Schwebach Maler & Lackierer GmbH","url":"https:\/\/schwebach.de\/","logo":{"@type":"ImageObject","inLanguage":"de","@id":"https:\/\/schwebach.de\/#\/schema\/logo\/image\/","url":"https:\/\/schwebach.de\/wp-content\/uploads\/2016\/04\/butterfly.png","contentUrl":"https:\/\/schwebach.de\/wp-content\/uploads\/2016\/04\/butterfly.png","width":463,"height":310,"caption":"Schwebach Maler & Lackierer GmbH"},"image":{"@id":"https:\/\/schwebach.de\/#\/schema\/logo\/image\/"},"sameAs":["https:\/\/www.facebook.com\/schwebach.wohlfuehlmaler","https:\/\/www.youtube.com\/user\/Wohlfuehlmaler"]}]}},"_links":{"self":[{"href":"https:\/\/schwebach.de\/index.php?rest_route=\/wp\/v2\/pages\/1640","targetHints":{"allow":["GET"]}}],"collection":[{"href":"https:\/\/schwebach.de\/index.php?rest_route=\/wp\/v2\/pages"}],"about":[{"href":"https:\/\/schwebach.de\/index.php?rest_route=\/wp\/v2\/types\/page"}],"author":[{"embeddable":true,"href":"https:\/\/schwebach.de\/index.php?rest_route=\/wp\/v2\/users\/1"}],"replies":[{"embeddable":true,"href":"https:\/\/schwebach.de\/index.php?rest_route=%2Fwp%2Fv2%2Fcomments&post=1640"}],"version-history":[{"count":30,"href":"https:\/\/schwebach.de\/index.php?rest_route=\/wp\/v2\/pages\/1640\/revisions"}],"predecessor-version":[{"id":3281,"href":"https:\/\/schwebach.de\/index.php?rest_route=\/wp\/v2\/pages\/1640\/revisions\/3281"}],"wp:featuredmedia":[{"embeddable":true,"href":"https:\/\/schwebach.de\/index.php?rest_route=\/wp\/v2\/media\/1758"}],"wp:attachment":[{"href":"https:\/\/schwebach.de\/index.php?rest_route=%2Fwp%2Fv2%2Fmedia&parent=1640"}],"curies":[{"name":"wp","href":"https:\/\/api.w.org\/{rel}","templated":true}]}}