{"id":16,"date":"2016-04-26T08:59:05","date_gmt":"2016-04-26T08:59:05","guid":{"rendered":"http:\/\/maler-schwebach.de\/?page_id=16"},"modified":"2016-05-23T21:11:58","modified_gmt":"2016-05-23T21:11:58","slug":"projektgalerie","status":"publish","type":"page","link":"https:\/\/schwebach.de\/?page_id=16","title":{"rendered":"Projektgalerie"},"content":{"rendered":"<div id=\"pl-16\"  class=\"panel-layout\" ><div id=\"pg-16-0\"  class=\"panel-grid panel-no-style\" ><div id=\"pgc-16-0-0\"  class=\"panel-grid-cell\" ><div id=\"panel-16-0-0-0\" class=\"so-panel widget widget_sow-editor panel-first-child panel-last-child\" data-index=\"0\" ><div\n\t\t\t\n\t\t\tclass=\"so-widget-sow-editor so-widget-sow-editor-base\"\n\t\t\t\n\t\t>\n<div class=\"siteorigin-widget-tinymce textwidget\">\n\t<p>In unserer Projektgalerie finden Sie immer wieder neue Bilder von unseren Projekten.\u00a0<\/p>\n<p>Viel Spa\u00df beim St\u00f6bern!<\/p>\n<\/div>\n<\/div><\/div><\/div><\/div><div id=\"pg-16-1\"  class=\"panel-grid panel-no-style\" ><div id=\"pgc-16-1-0\"  class=\"panel-grid-cell\" ><div id=\"panel-16-1-0-0\" class=\"so-panel widget widget_sggwidget panel-first-child panel-last-child\" data-index=\"1\"><div id=\"grid-gallery-1-19883\" data-gg-id=\"1\" data-title=\"Projektgalerie\" data-grid-type=\"0\" data-offset=\"5.3\" data-area-position=\"center\" data-icons=\"\" data-preloader=\"true\" data-width=\"215\" data-height=\"215\" data-padding=\"0\" data-quicksand=\"disabled\" data-quicksand-duration=\"none\" data-popup-theme=\"theme_6\" data-popup-type=\"pretty-photo\" data-popup-image-text=\"title\" data-popup-widthsize=\"auto\" data-popup-heightsize=\"auto\" data-popup-i18n-words=\"{&quot;close&quot;:&quot;schlie\\u00dfen&quot;,&quot;next&quot;:&quot;n\\u00e4chste&quot;,&quot;previous&quot;:&quot;vorherige&quot;,&quot;start_slideshow&quot;:&quot;Starte Slideshow&quot;,&quot;stop_slideshow&quot;:&quot;Stoppe Slideshow&quot;,&quot;image&quot;:&quot;Bild&quot;,&quot;of&quot;:&quot;von&quot;,&quot;prev&quot;:&quot;vorherige&quot;,&quot;cExpand&quot;:&quot;Erweitere&quot;,&quot;cPrevious&quot;:&quot;Vorheriges&quot;,&quot;cNext&quot;:&quot;N\\u00e4chstes&quot;,&quot;cExpandStr&quot;:&quot;Erweitere Bild&quot;,&quot;cRotate&quot;:&quot;Rotate&quot;,&quot;cDetails&quot;:&quot;Details&quot;}\" data-popup-slideshow=\"false\" data-popup-slideshow-speed=\"2500\" data-popup-hoverstop=\"false\" data-popup-slideshow-auto=\"false\" data-popup-background=\"\" data-popup-transparency=\"30\" data-popup-disable-history=\"\" data-popup-disable-changed-url=\"\" data-popup-border-type=\"\" data-popup-border-color=\"\" data-popup-border-width=\"\" data-popup-border-enable=\"\" data-fullscreen=\"false\" data-hide-tooltip=\"false\" data-caption-font-family=\"Varela Round\" data-caption-text-size=\"140\" data-is-mobile=\"0\" data-caption-mobile=\"false\" data-hide-long-tltp-title=\"0\" data-caption-disabled-on-mobile=\"false\" data-popup-placement-type=\"0\" data-social-sharing=\"{&quot;enabled&quot;:null,&quot;gallerySharing&quot;:{&quot;enabled&quot;:null,&quot;position&quot;:null},&quot;imageSharing&quot;:{&quot;enabled&quot;:null,&quot;wrapperClass&quot;:&quot; vertical &quot;},&quot;popupSharing&quot;:{&quot;enabled&quot;:null,&quot;wrapperClass&quot;:&quot; vertical &quot;}}\" class=\"grid-gallery grid-gallery-fixed \" style=\" width:100%; height:auto; margin-left:auto; margin-right:auto;position:relative;\"> <div class=\"gallery-loading\"> <div class=\"blocks\"> <div class=\"block\"><\/div> <div class=\"block\"><\/div> <div class=\"block\"><\/div> <div class=\"block\"><\/div> <\/div> <\/div> <div class=\"gallery-sharing-top\" style=\"display:none;\"> <\/div> <div id=\"photos-1\" class=\"grid-gallery-photos\"><FIGURE class=\"grid-gallery-caption\" data-grid-gallery-type=\"revolving-door-right\" data-index=\"0\" style=\"display:none;border-radius:00;; margin:5.3px; width:2150;\" ><div class=\"crop\" style=\" width:2150; height:2150; overflow:hidden;\"><img decoding=\"async\" src=\"https:\/\/schwebach.de\/wp-content\/uploads\/2016\/04\/makro_02-215x215.jpg\" class=\"ggImg\" alt=\"Schwebach Ger\u00fcstbau\" title=\"Schwebach Ger\u00fcstbau\" data-description=\"Schwebach Ger\u00fcstbau\" data-caption=\"Schwebach Ger\u00fcstbau\" data-title=\"Schwebach Ger\u00fcstbau\" style=\" width:215px; height:215px;\" \/><\/div><FIGCAPTION class=\"\" data-alpha=\"3\" style=\"color:#ffffff; background-color:#ed1c24; font-size:140; text-align:left; font-family:Varela Round;\" ><div class=\"grid-gallery-figcaption-wrap\" style=\"\"><\/div><\/FIGCAPTION><\/FIGURE><FIGURE class=\"grid-gallery-caption\" data-grid-gallery-type=\"revolving-door-right\" data-index=\"1\" style=\"display:none;border-radius:00;; margin:5.3px; width:2150;\" ><div class=\"crop\" style=\" width:2150; height:2150; overflow:hidden;\"><img decoding=\"async\" src=\"https:\/\/schwebach.de\/wp-content\/uploads\/2016\/04\/2013_Moselfraenkisch-215x215.jpg\" class=\"ggImg\" alt=\"Ger\u00fcstbau f\u00fcr die Fassaden eines typischen Haus im Moselfr\u00e4nkischen Raum\" title=\"Ger\u00fcstbau f\u00fcr ein typisches Haus im Moselfr\u00e4nkischen Raum\" data-description=\"Ger\u00fcstbau f\u00fcr ein typisches Haus im Moselfr\u00e4nkischen Raum\" data-caption=\"Ger\u00fcstbau f\u00fcr ein typisches Haus im Moselfr\u00e4nkischen Raum\" data-title=\"Ger\u00fcstbau f\u00fcr ein typisches Haus im Moselfr\u00e4nkischen Raum\" style=\" width:215px; height:215px;\" \/><\/div><FIGCAPTION class=\"\" data-alpha=\"3\" style=\"color:#ffffff; background-color:#ed1c24; font-size:140; text-align:left; font-family:Varela Round;\" ><div class=\"grid-gallery-figcaption-wrap\" style=\"\"><\/div><\/FIGCAPTION><\/FIGURE><FIGURE class=\"grid-gallery-caption\" data-grid-gallery-type=\"revolving-door-right\" data-index=\"2\" style=\"display:none;border-radius:00;; margin:5.3px; width:2150;\" ><div class=\"crop\" style=\" width:2150; height:2150; overflow:hidden;\"><img decoding=\"async\" src=\"https:\/\/schwebach.de\/wp-content\/uploads\/2016\/04\/makro_01-215x215.jpg\" class=\"ggImg\" alt=\"Unser Kundenraum in St. Lukas\" title=\"Unser Kundenraum in St. Lukas\" data-description=\"Unser Kundenraum in St. Lukas\" data-caption=\"Unser Kundenraum in St. Lukas\" data-title=\"Unser Kundenraum in St. Lukas\" style=\" width:215px; height:215px;\" \/><\/div><FIGCAPTION class=\"\" data-alpha=\"3\" style=\"color:#ffffff; background-color:#ed1c24; font-size:140; text-align:left; font-family:Varela Round;\" ><div class=\"grid-gallery-figcaption-wrap\" style=\"\"><\/div><\/FIGCAPTION><\/FIGURE><FIGURE class=\"grid-gallery-caption\" data-grid-gallery-type=\"revolving-door-right\" data-index=\"3\" style=\"display:none;border-radius:00;; margin:5.3px; width:2150;\" ><div class=\"crop\" style=\" width:2150; height:2150; overflow:hidden;\"><img decoding=\"async\" src=\"https:\/\/schwebach.de\/wp-content\/uploads\/2016\/04\/20160308d_Lebenshilfe-215x215.jpg\" class=\"ggImg\" alt=\"Die Sonne als Wandbild (Wunsch eines Bewohners bei der Lebenshilfe)\" title=\"Die Sonne als Wandbild\" data-description=\"Die Sonne als Wandbild\" data-caption=\"Die Sonne als Wandbild (Wunsch eines Bewohners bei der Lebenshilfe)\" data-title=\"Die Sonne als Wandbild (Wunsch eines Bewohners bei der Lebenshilfe)\" style=\" width:215px; height:215px;\" \/><\/div><FIGCAPTION class=\"\" data-alpha=\"3\" style=\"color:#ffffff; background-color:#ed1c24; font-size:140; text-align:left; font-family:Varela Round;\" ><div class=\"grid-gallery-figcaption-wrap\" style=\"\"><\/div><\/FIGCAPTION><\/FIGURE><FIGURE class=\"grid-gallery-caption\" data-grid-gallery-type=\"revolving-door-right\" data-index=\"4\" style=\"display:none;border-radius:00;; margin:5.3px; width:2150;\" ><div class=\"crop\" style=\" width:2150; height:2150; overflow:hidden;\"><img decoding=\"async\" src=\"https:\/\/schwebach.de\/wp-content\/uploads\/2016\/04\/20140901_dachterrasse-215x215.jpg\" class=\"ggImg\" alt=\"Die Symbiose einer rustikalen historischen Wand mit modernen Bauelementen machen diese Dachterrasse zu einer Wohlf\u00fchloase.\" title=\"Die Symbiose einer rustikalen historischen Wand mit modernen Bauelementen machen diese Dachterrasse zu einer Wohlf\u00fchloase.\" data-description=\"Die Symbiose einer rustikalen historischen Wand mit modernen Bauelementen machen diese Dachterrasse zu einer Wohlf\u00fchloase.\" data-caption=\"Die Symbiose einer rustikalen historischen Wand mit modernen Bauelementen machen diese Dachterrasse zu einer Wohlf\u00fchloase.\" data-title=\"Dachterrasse\" style=\" width:215px; height:215px;\" \/><\/div><FIGCAPTION class=\"\" data-alpha=\"3\" style=\"color:#ffffff; background-color:#ed1c24; font-size:140; text-align:left; font-family:Varela Round;\" ><div class=\"grid-gallery-figcaption-wrap\" style=\"\"><\/div><\/FIGCAPTION><\/FIGURE><FIGURE class=\"grid-gallery-caption\" data-grid-gallery-type=\"revolving-door-right\" data-index=\"5\" style=\"display:none;border-radius:00;; margin:5.3px; width:2150;\" ><div class=\"crop\" style=\" width:2150; height:2150; overflow:hidden;\"><img decoding=\"async\" src=\"https:\/\/schwebach.de\/wp-content\/uploads\/2016\/04\/201406_halle-215x215.jpg\" class=\"ggImg\" alt=\"Moderne Fassadengestaltung bei einer KFZ-Werkstatt.\" title=\"Moderne Fassadengestaltung bei einer KFZ-Werkstatt.\" data-description=\"Moderne Fassadengestaltung bei einer KFZ-Werkstatt.\" data-caption=\"Moderne Fassadengestaltung bei einer KFZ-Werkstatt.\" data-title=\"Moderne Fassadengestaltung bei einer KFZ-Werkstatt.\" style=\" width:215px; height:215px;\" \/><\/div><FIGCAPTION class=\"\" data-alpha=\"3\" style=\"color:#ffffff; background-color:#ed1c24; font-size:140; text-align:left; font-family:Varela Round;\" ><div class=\"grid-gallery-figcaption-wrap\" style=\"\"><\/div><\/FIGCAPTION><\/FIGURE><FIGURE class=\"grid-gallery-caption\" data-grid-gallery-type=\"revolving-door-right\" data-index=\"6\" style=\"display:none;border-radius:00;; margin:5.3px; width:2150;\" ><div class=\"crop\" style=\" width:2150; height:2150; overflow:hidden;\"><img decoding=\"async\" src=\"https:\/\/schwebach.de\/wp-content\/uploads\/2016\/04\/lichtwand-215x215.jpg\" class=\"ggImg\" alt=\"Arbeiten mit Licht. In diese Wand wurden Lichtkegel versenkt eingebaut und sorgen f\u00fcr ein angenehme, indirekte Lichtakzente.\" title=\"Arbeiten mit Licht. In diese Wand wurden Lichtkegel versenkt eingebaut und sorgen f\u00fcr ein angenehme, indirekte Lichtakzente.\" data-description=\"Arbeiten mit Licht. In diese Wand wurden Lichtkegel versenkt eingebaut und sorgen f\u00fcr ein angenehme, indirekte Lichtakzente.\" data-caption=\"Arbeiten mit Licht. In diese Wand wurden Lichtkegel versenkt eingebaut und sorgen f\u00fcr ein angenehme, indirekte Lichtakzente.\" data-title=\"Arbeiten mit Licht. In diese Wand wurden Lichtkegel versenkt eingebaut und sorgen f\u00fcr ein angenehme, indirekte Lichtakzente.\" style=\" width:215px; height:215px;\" \/><\/div><FIGCAPTION class=\"\" data-alpha=\"3\" style=\"color:#ffffff; background-color:#ed1c24; font-size:140; text-align:left; font-family:Varela Round;\" ><div class=\"grid-gallery-figcaption-wrap\" style=\"\"><\/div><\/FIGCAPTION><\/FIGURE><FIGURE class=\"grid-gallery-caption\" data-grid-gallery-type=\"revolving-door-right\" data-index=\"7\" style=\"display:none;border-radius:00;; margin:5.3px; width:2150;\" ><div class=\"crop\" style=\" width:2150; height:2150; overflow:hidden;\"><img decoding=\"async\" src=\"https:\/\/schwebach.de\/wp-content\/uploads\/2016\/04\/201405_KEIM_Soldalit-215x215.jpg\" class=\"ggImg\" alt=\"Fassadengestaltung mit KEIM Soldalit\u00ae.\" title=\"Fassadengestaltung mit KEIM Soldalit\u00ae.\" data-description=\"Fassadengestaltung mit KEIM Soldalit\u00ae.\" data-caption=\"Fassadengestaltung mit KEIM Soldalit\u00ae.\" data-title=\"Fassadengestaltung mit KEIM Soldalit\u00ae.\" style=\" width:215px; height:215px;\" \/><\/div><FIGCAPTION class=\"\" data-alpha=\"3\" style=\"color:#ffffff; background-color:#ed1c24; font-size:140; text-align:left; font-family:Varela Round;\" ><div class=\"grid-gallery-figcaption-wrap\" style=\"\"><\/div><\/FIGCAPTION><\/FIGURE><FIGURE class=\"grid-gallery-caption\" data-grid-gallery-type=\"revolving-door-right\" data-index=\"8\" style=\"display:none;border-radius:00;; margin:5.3px; width:2150;\" ><div class=\"crop\" style=\" width:2150; height:2150; overflow:hidden;\"><img decoding=\"async\" src=\"https:\/\/schwebach.de\/wp-content\/uploads\/2016\/04\/kinderzimmer-215x215.jpg\" class=\"ggImg\" alt=\"Kinderzimmer\" title=\"Projekte: Ein modernes Kinderzimmer mit hochwertigem Venylboden und &quot;Hello Kitty&quot; Tapete\" data-description=\"Projekte: Ein modernes Kinderzimmer mit hochwertigem Venylboden und &quot;Hello Kitty&quot; Tapete\" data-caption=\"Ein modernes Kinderzimmer mit hochwertigem Venylboden und &quot;Hello Kitty&quot; Tapete\" data-title=\"Kinderzimmer\" style=\" width:215px; height:215px;\" \/><\/div><FIGCAPTION class=\"\" data-alpha=\"3\" style=\"color:#ffffff; background-color:#ed1c24; font-size:140; text-align:left; font-family:Varela Round;\" ><div class=\"grid-gallery-figcaption-wrap\" style=\"\"><\/div><\/FIGCAPTION><\/FIGURE><FIGURE class=\"grid-gallery-caption\" data-grid-gallery-type=\"revolving-door-right\" data-index=\"9\" style=\"display:none;border-radius:00;; margin:5.3px; width:2150;\" ><div class=\"crop\" style=\" width:2150; height:2150; overflow:hidden;\"><img decoding=\"async\" src=\"https:\/\/schwebach.de\/wp-content\/uploads\/2016\/04\/konstantin_670_01-215x215.jpg\" class=\"ggImg\" alt=\"Landesmuseum Trier: Gestaltung der Garderoben Elemente mit mineralischer Spartelmasse auf Zement-Kunststoff-Basis\" title=\"Landesmuseum Trier: Gestaltung der Garderoben Elemente mit mineralischer Spartelmasse auf Zement-Kunststoff-Basis \" data-description=\"Landesmuseum Trier: Gestaltung der Garderoben Elemente mit mineralischer Spartelmasse auf Zement-Kunststoff-Basis \" data-caption=\"Landesmuseum Trier: Gestaltung der Garderoben Elemente mit mineralischer Spartelmasse auf Zement-Kunststoff-Basis \" data-title=\"Landesmuseum Trier: Gestaltung der Garderoben Elemente mit mineralischer Spartelmasse auf Zement-Kunststoff-Basis\" style=\" width:215px; height:215px;\" \/><\/div><FIGCAPTION class=\"\" data-alpha=\"3\" style=\"color:#ffffff; background-color:#ed1c24; font-size:140; text-align:left; font-family:Varela Round;\" ><div class=\"grid-gallery-figcaption-wrap\" style=\"\"><\/div><\/FIGCAPTION><\/FIGURE> <div class=\"grid-gallery-clearfix\"><\/div> <\/div> <div class=\"gallery-sharing-bottom\" style=\"display:none;\"> <\/div> <div class=\"gallery-sharing-image\" style=\"display:none;\"> <\/div> <div class=\"gallery-sharing-popup\" style=\"display:none;\"> <\/div> <div class=\"grid-gallery-clearfix\"><\/div> <\/div> <!-- Gallery by Supsystic plugin1.16.0 --><a title=\"Wordpress Gallery Plugin Free\" style=\"display:none;\" href=\"https:\/\/supsystic.com\/plugins\/photo-gallery\/?utm_medium=love_link\" target=\"_blank\">WordPress Gallery Plugin Free<\/a><\/div><\/div><\/div><\/div>","protected":false},"excerpt":{"rendered":"<p>In unserer Projektgalerie finden Sie immer wieder neue Bilder von unseren Projekten.\u00a0Viel Spa\u00df beim St\u00f6bern!<\/p>\n","protected":false},"author":1,"featured_media":0,"parent":0,"menu_order":0,"comment_status":"closed","ping_status":"closed","template":"","meta":{"footnotes":""},"class_list":["post-16","page","type-page","status-publish","hentry"],"yoast_head":"<!-- This site is optimized with the Yoast SEO plugin v27.4 - https:\/\/yoast.com\/product\/yoast-seo-wordpress\/ -->\n<title>Projektgalerie - SCHWEBACH Maler &amp; Lackierer<\/title>\n<meta name=\"robots\" content=\"index, follow, max-snippet:-1, max-image-preview:large, max-video-preview:-1\" \/>\n<link rel=\"canonical\" href=\"https:\/\/schwebach.de\/?page_id=16\" \/>\n<meta property=\"og:locale\" content=\"de_DE\" \/>\n<meta property=\"og:type\" content=\"article\" \/>\n<meta property=\"og:title\" content=\"Projektgalerie - SCHWEBACH Maler &amp; Lackierer\" \/>\n<meta property=\"og:description\" content=\"In unserer Projektgalerie finden Sie immer wieder neue Bilder von unseren Projekten.\u00a0Viel Spa\u00df beim St\u00f6bern!\" \/>\n<meta property=\"og:url\" content=\"https:\/\/schwebach.de\/?page_id=16\" \/>\n<meta property=\"og:site_name\" content=\"SCHWEBACH Maler &amp; Lackierer\" \/>\n<meta property=\"article:publisher\" content=\"https:\/\/www.facebook.com\/schwebach.wohlfuehlmaler\" \/>\n<meta property=\"article:modified_time\" content=\"2016-05-23T21:11:58+00:00\" \/>\n<meta property=\"og:image\" content=\"http:\/\/maler-schwebach.de\/wp-content\/uploads\/2016\/04\/makro_02-215x215.jpg\" \/>\n<meta name=\"twitter:card\" content=\"summary_large_image\" \/>\n<meta name=\"twitter:label1\" content=\"Gesch\u00e4tzte Lesezeit\" \/>\n\t<meta name=\"twitter:data1\" content=\"1\u00a0Minute\" \/>\n<script type=\"application\/ld+json\" class=\"yoast-schema-graph\">{\"@context\":\"https:\\\/\\\/schema.org\",\"@graph\":[{\"@type\":\"WebPage\",\"@id\":\"https:\\\/\\\/schwebach.de\\\/?page_id=16\",\"url\":\"https:\\\/\\\/schwebach.de\\\/?page_id=16\",\"name\":\"Projektgalerie - SCHWEBACH Maler &amp; Lackierer\",\"isPartOf\":{\"@id\":\"https:\\\/\\\/schwebach.de\\\/#website\"},\"primaryImageOfPage\":{\"@id\":\"https:\\\/\\\/schwebach.de\\\/?page_id=16#primaryimage\"},\"image\":{\"@id\":\"https:\\\/\\\/schwebach.de\\\/?page_id=16#primaryimage\"},\"thumbnailUrl\":\"http:\\\/\\\/maler-schwebach.de\\\/wp-content\\\/uploads\\\/2016\\\/04\\\/makro_02-215x215.jpg\",\"datePublished\":\"2016-04-26T08:59:05+00:00\",\"dateModified\":\"2016-05-23T21:11:58+00:00\",\"breadcrumb\":{\"@id\":\"https:\\\/\\\/schwebach.de\\\/?page_id=16#breadcrumb\"},\"inLanguage\":\"de\",\"potentialAction\":[{\"@type\":\"ReadAction\",\"target\":[\"https:\\\/\\\/schwebach.de\\\/?page_id=16\"]}]},{\"@type\":\"ImageObject\",\"inLanguage\":\"de\",\"@id\":\"https:\\\/\\\/schwebach.de\\\/?page_id=16#primaryimage\",\"url\":\"http:\\\/\\\/maler-schwebach.de\\\/wp-content\\\/uploads\\\/2016\\\/04\\\/makro_02-215x215.jpg\",\"contentUrl\":\"http:\\\/\\\/maler-schwebach.de\\\/wp-content\\\/uploads\\\/2016\\\/04\\\/makro_02-215x215.jpg\"},{\"@type\":\"BreadcrumbList\",\"@id\":\"https:\\\/\\\/schwebach.de\\\/?page_id=16#breadcrumb\",\"itemListElement\":[{\"@type\":\"ListItem\",\"position\":1,\"name\":\"Startseite\",\"item\":\"https:\\\/\\\/schwebach.de\\\/\"},{\"@type\":\"ListItem\",\"position\":2,\"name\":\"Projektgalerie\"}]},{\"@type\":\"WebSite\",\"@id\":\"https:\\\/\\\/schwebach.de\\\/#website\",\"url\":\"https:\\\/\\\/schwebach.de\\\/\",\"name\":\"SCHWEBACH Maler &amp; Lackierer\",\"description\":\"Ihr Wohlf\u00fchlmaler aus Irsch\\\/Saar\",\"publisher\":{\"@id\":\"https:\\\/\\\/schwebach.de\\\/#organization\"},\"potentialAction\":[{\"@type\":\"SearchAction\",\"target\":{\"@type\":\"EntryPoint\",\"urlTemplate\":\"https:\\\/\\\/schwebach.de\\\/?s={search_term_string}\"},\"query-input\":{\"@type\":\"PropertyValueSpecification\",\"valueRequired\":true,\"valueName\":\"search_term_string\"}}],\"inLanguage\":\"de\"},{\"@type\":\"Organization\",\"@id\":\"https:\\\/\\\/schwebach.de\\\/#organization\",\"name\":\"Schwebach Maler & Lackierer GmbH\",\"url\":\"https:\\\/\\\/schwebach.de\\\/\",\"logo\":{\"@type\":\"ImageObject\",\"inLanguage\":\"de\",\"@id\":\"https:\\\/\\\/schwebach.de\\\/#\\\/schema\\\/logo\\\/image\\\/\",\"url\":\"https:\\\/\\\/schwebach.de\\\/wp-content\\\/uploads\\\/2016\\\/04\\\/butterfly.png\",\"contentUrl\":\"https:\\\/\\\/schwebach.de\\\/wp-content\\\/uploads\\\/2016\\\/04\\\/butterfly.png\",\"width\":463,\"height\":310,\"caption\":\"Schwebach Maler & Lackierer GmbH\"},\"image\":{\"@id\":\"https:\\\/\\\/schwebach.de\\\/#\\\/schema\\\/logo\\\/image\\\/\"},\"sameAs\":[\"https:\\\/\\\/www.facebook.com\\\/schwebach.wohlfuehlmaler\",\"https:\\\/\\\/www.youtube.com\\\/user\\\/Wohlfuehlmaler\"]}]}<\/script>\n<!-- \/ Yoast SEO plugin. -->","yoast_head_json":{"title":"Projektgalerie - SCHWEBACH Maler &amp; Lackierer","robots":{"index":"index","follow":"follow","max-snippet":"max-snippet:-1","max-image-preview":"max-image-preview:large","max-video-preview":"max-video-preview:-1"},"canonical":"https:\/\/schwebach.de\/?page_id=16","og_locale":"de_DE","og_type":"article","og_title":"Projektgalerie - SCHWEBACH Maler &amp; Lackierer","og_description":"In unserer Projektgalerie finden Sie immer wieder neue Bilder von unseren Projekten.\u00a0Viel Spa\u00df beim St\u00f6bern!","og_url":"https:\/\/schwebach.de\/?page_id=16","og_site_name":"SCHWEBACH Maler &amp; Lackierer","article_publisher":"https:\/\/www.facebook.com\/schwebach.wohlfuehlmaler","article_modified_time":"2016-05-23T21:11:58+00:00","og_image":[{"url":"http:\/\/maler-schwebach.de\/wp-content\/uploads\/2016\/04\/makro_02-215x215.jpg","type":"","width":"","height":""}],"twitter_card":"summary_large_image","twitter_misc":{"Gesch\u00e4tzte Lesezeit":"1\u00a0Minute"},"schema":{"@context":"https:\/\/schema.org","@graph":[{"@type":"WebPage","@id":"https:\/\/schwebach.de\/?page_id=16","url":"https:\/\/schwebach.de\/?page_id=16","name":"Projektgalerie - SCHWEBACH Maler &amp; Lackierer","isPartOf":{"@id":"https:\/\/schwebach.de\/#website"},"primaryImageOfPage":{"@id":"https:\/\/schwebach.de\/?page_id=16#primaryimage"},"image":{"@id":"https:\/\/schwebach.de\/?page_id=16#primaryimage"},"thumbnailUrl":"http:\/\/maler-schwebach.de\/wp-content\/uploads\/2016\/04\/makro_02-215x215.jpg","datePublished":"2016-04-26T08:59:05+00:00","dateModified":"2016-05-23T21:11:58+00:00","breadcrumb":{"@id":"https:\/\/schwebach.de\/?page_id=16#breadcrumb"},"inLanguage":"de","potentialAction":[{"@type":"ReadAction","target":["https:\/\/schwebach.de\/?page_id=16"]}]},{"@type":"ImageObject","inLanguage":"de","@id":"https:\/\/schwebach.de\/?page_id=16#primaryimage","url":"http:\/\/maler-schwebach.de\/wp-content\/uploads\/2016\/04\/makro_02-215x215.jpg","contentUrl":"http:\/\/maler-schwebach.de\/wp-content\/uploads\/2016\/04\/makro_02-215x215.jpg"},{"@type":"BreadcrumbList","@id":"https:\/\/schwebach.de\/?page_id=16#breadcrumb","itemListElement":[{"@type":"ListItem","position":1,"name":"Startseite","item":"https:\/\/schwebach.de\/"},{"@type":"ListItem","position":2,"name":"Projektgalerie"}]},{"@type":"WebSite","@id":"https:\/\/schwebach.de\/#website","url":"https:\/\/schwebach.de\/","name":"SCHWEBACH Maler &amp; Lackierer","description":"Ihr Wohlf\u00fchlmaler aus Irsch\/Saar","publisher":{"@id":"https:\/\/schwebach.de\/#organization"},"potentialAction":[{"@type":"SearchAction","target":{"@type":"EntryPoint","urlTemplate":"https:\/\/schwebach.de\/?s={search_term_string}"},"query-input":{"@type":"PropertyValueSpecification","valueRequired":true,"valueName":"search_term_string"}}],"inLanguage":"de"},{"@type":"Organization","@id":"https:\/\/schwebach.de\/#organization","name":"Schwebach Maler & Lackierer GmbH","url":"https:\/\/schwebach.de\/","logo":{"@type":"ImageObject","inLanguage":"de","@id":"https:\/\/schwebach.de\/#\/schema\/logo\/image\/","url":"https:\/\/schwebach.de\/wp-content\/uploads\/2016\/04\/butterfly.png","contentUrl":"https:\/\/schwebach.de\/wp-content\/uploads\/2016\/04\/butterfly.png","width":463,"height":310,"caption":"Schwebach Maler & Lackierer GmbH"},"image":{"@id":"https:\/\/schwebach.de\/#\/schema\/logo\/image\/"},"sameAs":["https:\/\/www.facebook.com\/schwebach.wohlfuehlmaler","https:\/\/www.youtube.com\/user\/Wohlfuehlmaler"]}]}},"_links":{"self":[{"href":"https:\/\/schwebach.de\/index.php?rest_route=\/wp\/v2\/pages\/16","targetHints":{"allow":["GET"]}}],"collection":[{"href":"https:\/\/schwebach.de\/index.php?rest_route=\/wp\/v2\/pages"}],"about":[{"href":"https:\/\/schwebach.de\/index.php?rest_route=\/wp\/v2\/types\/page"}],"author":[{"embeddable":true,"href":"https:\/\/schwebach.de\/index.php?rest_route=\/wp\/v2\/users\/1"}],"replies":[{"embeddable":true,"href":"https:\/\/schwebach.de\/index.php?rest_route=%2Fwp%2Fv2%2Fcomments&post=16"}],"version-history":[{"count":6,"href":"https:\/\/schwebach.de\/index.php?rest_route=\/wp\/v2\/pages\/16\/revisions"}],"predecessor-version":[{"id":926,"href":"https:\/\/schwebach.de\/index.php?rest_route=\/wp\/v2\/pages\/16\/revisions\/926"}],"wp:attachment":[{"href":"https:\/\/schwebach.de\/index.php?rest_route=%2Fwp%2Fv2%2Fmedia&parent=16"}],"curies":[{"name":"wp","href":"https:\/\/api.w.org\/{rel}","templated":true}]}}